{"id":3,"date":"2025-04-10T11:51:23","date_gmt":"2025-04-10T11:51:23","guid":{"rendered":"https:\/\/wp.jobwinner.ai\/?page_id=3"},"modified":"2025-11-19T08:10:03","modified_gmt":"2025-11-19T07:10:03","slug":"politique-de-confidentialite","status":"publish","type":"page","link":"https:\/\/jobwinner.ai\/fr\/politique-de-confidentialite\/","title":{"rendered":"politique de confidentialit\u00e9"},"content":{"rendered":"<div data-elementor-type=\"wp-page\" data-elementor-id=\"3\" class=\"elementor elementor-3\" data-elementor-post-type=\"page\">\n\t\t\t\t<div class=\"elementor-element elementor-element-472a5240 e-flex e-con-boxed e-con e-parent\" data-id=\"472a5240\" data-element_type=\"container\" data-e-type=\"container\">\n\t\t\t\t\t<div class=\"e-con-inner\">\n\t\t\t\t<div class=\"elementor-element elementor-element-a8c444e elementor-widget elementor-widget-heading\" data-id=\"a8c444e\" data-element_type=\"widget\" data-e-type=\"widget\" data-widget_type=\"heading.default\">\n\t\t\t\t\t<h2 class=\"elementor-heading-title elementor-size-default\">politique de confidentialit\u00e9<\/h2>\t\t\t\t<\/div>\n\t\t\t\t<div class=\"elementor-element elementor-element-920eb32 elementor-widget elementor-widget-text-editor\" data-id=\"920eb32\" data-element_type=\"widget\" data-e-type=\"widget\" data-widget_type=\"text-editor.default\">\n\t\t\t\t\t\t\t\t\t<p><\/p>\n<div>\n<h2 data-start=\"703\" data-end=\"722\"><strong data-start=\"706\" data-end=\"722\">Introduction<\/strong><\/h2>\n<p data-start=\"724\" data-end=\"972\">JobWinner (\u201c nous \u201d, \u201c notre \u201d ou \u201c nos \u201d) s\u2019engage \u00e0 prot\u00e9ger la vie priv\u00e9e de ses utilisateurs.<br data-start=\"809\" data-end=\"812\">Cette politique de confidentialit\u00e9 explique comment nous recueillons, utilisons, partageons et prot\u00e9geons les renseignements personnels lorsque vous acc\u00e9dez \u00e0 notre site Web (<a class=\"decorated-link\" href=\"https:\/\/jobwinner.ai\/fr\/\" target=\"_new\" rel=\"noopener\" data-start=\"931\" data-end=\"947\">www.jobwinner.ai<\/a>) ou applications mobiles.<\/p>\n<p data-start=\"974\" data-end=\"1061\"><strong data-start=\"974\" data-end=\"1061\">Si vous acc\u00e9dez \u00e0 JobWinner par le biais d&#039;une organisation, un <a href=\"https:\/\/jobwinner.ai\/fr\/organisations-en-matiere-de-politique-de-confidentialite\/\">Une politique de confidentialit\u00e9 distincte s&#039;applique.<\/a>.<\/strong><\/p>\n<p data-start=\"1063\" data-end=\"1148\">En utilisant nos services, vous reconnaissez et acceptez les termes de la pr\u00e9sente politique de confidentialit\u00e9.<\/p>\n<h2 data-start=\"1155\" data-end=\"1190\">&nbsp;<\/h2>\n<h2 data-start=\"1155\" data-end=\"1190\"><strong data-start=\"1158\" data-end=\"1190\">Port\u00e9e de la pr\u00e9sente politique de confidentialit\u00e9<\/strong><\/h2>\n<p data-start=\"1192\" data-end=\"1229\">Cette politique s&#039;applique \u00e0 tous les utilisateurs qui\u00a0:<\/p>\n<p data-start=\"1231\" data-end=\"1500\">\u25cf Acc\u00e9dez directement \u00e0 JobWinner via <a class=\"decorated-link\" href=\"https:\/\/jobwinner.ai\/fr\/\" target=\"_new\" rel=\"noopener\" data-start=\"1263\" data-end=\"1279\">www.jobwinner.ai<\/a> ou tout sous-domaine que nous exploitons.<br data-start=\"1312\" data-end=\"1315\">\u25cf Interagissez avec nous par le biais du service client, des communications par e-mail ou des activit\u00e9s marketing.<br data-start=\"1406\" data-end=\"1409\">\u25cf Recevez des recommandations personnalis\u00e9es, des outils li\u00e9s \u00e0 l&#039;emploi ou des offres de cours de la part de JobWinner.<\/p>\n<p data-start=\"1502\" data-end=\"1570\">La pr\u00e9sente politique doit \u00eatre lue conjointement avec nos conditions d&#039;utilisation.<\/p>\n<h2 data-start=\"1577\" data-end=\"1609\">&nbsp;<\/h2>\n<h2 data-start=\"1577\" data-end=\"1609\"><strong data-start=\"1580\" data-end=\"1609\">1. Informations que nous recueillons<\/strong><\/h2>\n<p data-start=\"1611\" data-end=\"1774\">Nous collectons et traitons les cat\u00e9gories de donn\u00e9es personnelles suivantes. Ces donn\u00e9es peuvent \u00eatre collect\u00e9es directement aupr\u00e8s de vous ou automatiquement lorsque vous interagissez avec notre plateforme.<\/p>\n<h3 data-start=\"1776\" data-end=\"1817\"><strong data-start=\"1780\" data-end=\"1817\">a) Informations relatives au compte et \u00e0 l&#039;identit\u00e9<\/strong><\/h3>\n<p data-start=\"1819\" data-end=\"1982\">\u25cf Nom, pr\u00e9nom, adresse e-mail, mot de passe.<br data-start=\"1860\" data-end=\"1863\">\u25cf Les informations de profil fournies lors de la cr\u00e9ation du compte, telles que les objectifs de carri\u00e8re, les secteurs d&#039;activit\u00e9 pr\u00e9f\u00e9r\u00e9s ou les pr\u00e9f\u00e9rences de recherche d&#039;emploi.<\/p>\n<h3 data-start=\"1984\" data-end=\"2014\"><strong data-start=\"1988\" data-end=\"2014\">b) Contenu que vous fournissez<\/strong><\/h3>\n<p data-start=\"2016\" data-end=\"2216\">\u25cf CV, lettres de motivation, descriptions de poste, exemples de r\u00e9ponses aux entretiens d&#039;embauche et tout autre document ou information que vous t\u00e9l\u00e9chargez.<br data-start=\"2134\" data-end=\"2137\">\u25cf Commentaires, demandes d&#039;assistance, r\u00e9ponses aux enqu\u00eates ou communication avec notre \u00e9quipe.<\/p>\n<h3 data-start=\"2218\" data-end=\"2253\"><strong data-start=\"2222\" data-end=\"2253\">c) Donn\u00e9es d&#039;interaction et d&#039;utilisation<\/strong><\/h3>\n<p data-start=\"2255\" data-end=\"2596\">\u25cf Enregistrements de votre utilisation de la plateforme\u00a0: connexions, dur\u00e9e des sessions, fonctionnalit\u00e9s utilis\u00e9es (par exemple, personnalisation du CV, pr\u00e9paration aux entretiens), fr\u00e9quence d\u2019utilisation et suivi des progr\u00e8s.<br data-start=\"2420\" data-end=\"2423\">\u25cf Journaux du parcours utilisateur (par exemple, comment vous naviguez dans l&#039;application, quels outils vous utilisez le plus souvent et les r\u00e9sultats des interactions).<br data-start=\"2540\" data-end=\"2543\">\u25cf Ces donn\u00e9es sont visibles par les administrateurs de JobWinner.<\/p>\n<h3 data-start=\"2598\" data-end=\"2632\"><strong data-start=\"2602\" data-end=\"2632\">d) Donn\u00e9es techniques et relatives \u00e0 l&#039;appareil<\/strong><\/h3>\n<p data-start=\"2634\" data-end=\"2837\">\u25cf Adresse IP, type de navigateur, syst\u00e8me d\u2019exploitation, identifiants de l\u2019appareil, donn\u00e9es de localisation (si activ\u00e9es) et cookies.<br data-start=\"2740\" data-end=\"2743\">\u25cf Journaux d&#039;erreurs, donn\u00e9es de performance et horodatages de connexion pour nous aider \u00e0 maintenir la qualit\u00e9 du service.<\/p>\n<h3 data-start=\"2839\" data-end=\"2881\"><strong data-start=\"2843\" data-end=\"2881\">e) Donn\u00e9es de marketing et de communication<\/strong><\/h3>\n<p data-start=\"2883\" data-end=\"3022\">\u25cf Vos pr\u00e9f\u00e9rences concernant la r\u00e9ception d&#039;e-mails, de notifications ou d&#039;offres personnalis\u00e9es.<br data-start=\"2962\" data-end=\"2965\">\u25cf Enregistrement des offres ou campagnes avec lesquelles vous interagissez.<\/p>\n<h2 data-start=\"3029\" data-end=\"3066\">&nbsp;<\/h2>\n<h2 data-start=\"3029\" data-end=\"3066\"><strong data-start=\"3032\" data-end=\"3066\">2. Comment nous utilisons vos informations<\/strong><\/h2>\n<h3 data-start=\"3068\" data-end=\"3111\"><strong data-start=\"3072\" data-end=\"3111\">a) Prestation de services et fonctionnalit\u00e9s<\/strong><\/h3>\n<p data-start=\"3113\" data-end=\"3415\">\u25cf Pour cr\u00e9er et g\u00e9rer votre compte.<br data-start=\"3149\" data-end=\"3152\">\u25cf Pour vous fournir nos outils de recherche d&#039;emploi et de carri\u00e8re (personnalisation de CV, g\u00e9n\u00e9ration de lettres de motivation, pr\u00e9paration aux entretiens, analyse de l&#039;ad\u00e9quation emploi-profil, etc.).<br data-start=\"3295\" data-end=\"3298\">\u25cf Pour personnaliser votre exp\u00e9rience utilisateur.<br data-start=\"3336\" data-end=\"3339\">\u25cf Afin d\u2019assurer le bon fonctionnement, la stabilit\u00e9 et la s\u00e9curit\u00e9 de la plateforme.<\/p>\n<h3 data-start=\"3417\" data-end=\"3444\"><strong data-start=\"3421\" data-end=\"3444\">b) Assistance client\u00e8le<\/strong><\/h3>\n<p data-start=\"3446\" data-end=\"3588\">\u25cf Pour r\u00e9pondre \u00e0 vos demandes de renseignements, requ\u00eates et probl\u00e8mes techniques.<br data-start=\"3509\" data-end=\"3512\">\u25cf Assurer le d\u00e9pannage, la gestion des commentaires et la r\u00e9solution des probl\u00e8mes.<\/p>\n<h3 data-start=\"3590\" data-end=\"3634\"><strong data-start=\"3594\" data-end=\"3634\">c) Analyse et am\u00e9liorations de la plateforme<\/strong><\/h3>\n<p data-start=\"3636\" data-end=\"3818\">\u25cf Pour surveiller les habitudes d&#039;utilisation, identifier les fonctionnalit\u00e9s populaires et optimiser l&#039;exp\u00e9rience utilisateur.<br data-start=\"3721\" data-end=\"3724\">\u25cf Mener des recherches internes qui nous aident \u00e0 am\u00e9liorer l&#039;efficacit\u00e9 de nos services et \u00e0 d\u00e9velopper de nouveaux outils.<\/p>\n<h3 data-start=\"3820\" data-end=\"3858\"><strong data-start=\"3824\" data-end=\"3858\">d) Conformit\u00e9 l\u00e9gale et s\u00e9curit\u00e9<\/strong><\/h3>\n<p data-start=\"3860\" data-end=\"3970\">\u25cf Se conformer aux lois, aux r\u00e8glements et aux proc\u00e9dures l\u00e9gales.<br data-start=\"3916\" data-end=\"3919\">\u25cf Pour pr\u00e9venir la fraude, l\u2019utilisation abusive ou l\u2019acc\u00e8s non autoris\u00e9.<\/p>\n<h2 data-start=\"3977\" data-end=\"4018\">&nbsp;<\/h2>\n<h2 data-start=\"3977\" data-end=\"4018\"><strong data-start=\"3980\" data-end=\"4018\">3. Marketing et offres personnalis\u00e9es<\/strong><\/h2>\n<p data-start=\"4020\" data-end=\"4085\">En acceptant la pr\u00e9sente politique de confidentialit\u00e9, vous reconnaissez et acceptez que\u00a0:<\/p>\n<p data-start=\"4087\" data-end=\"4792\">\u25cf JobWinner peut utiliser vos donn\u00e9es (telles que vos objectifs de carri\u00e8re, vos CV t\u00e9l\u00e9charg\u00e9s, vos candidatures et vos habitudes d&#039;interaction avec l&#039;application) pour cr\u00e9er et vous envoyer des offres personnalis\u00e9es de cours, de programmes et de services connexes.<br data-start=\"4293\" data-end=\"4296\">\u25cf Ces offres peuvent inclure, sans toutefois s&#039;y limiter, des cours en ligne, des programmes de formation professionnelle, des ateliers, des certifications et des opportunit\u00e9s de d\u00e9veloppement de carri\u00e8re.<br data-start=\"4460\" data-end=\"4463\">\u25cf Les offres peuvent \u00eatre transmises par e-mail, notifications int\u00e9gr\u00e9es \u00e0 l&#039;application ou autres canaux de communication.<br data-start=\"4554\" data-end=\"4557\">\u25cf Vous pouvez vous d\u00e9sabonner de ces communications \u00e0 tout moment en suivant les instructions fournies dans les courriels ou en mettant \u00e0 jour vos pr\u00e9f\u00e9rences dans les param\u00e8tres de votre compte.<br data-start=\"4727\" data-end=\"4730\">\u25cf Le fait de vous d\u00e9sinscrire n&#039;affectera pas votre capacit\u00e9 \u00e0 utiliser la plateforme.<\/p>\n<h2 data-start=\"4799\" data-end=\"4819\">&nbsp;<\/h2>\n<h2 data-start=\"4799\" data-end=\"4819\"><strong data-start=\"4802\" data-end=\"4819\">4. R\u00f4les des donn\u00e9es<\/strong><\/h2>\n<p data-start=\"4821\" data-end=\"4906\">JobWinner est le responsable du traitement des donn\u00e9es pour tous les traitements effectu\u00e9s via la plateforme.<\/p>\n<p data-start=\"4908\" data-end=\"5112\">La pr\u00e9sente politique de confidentialit\u00e9 ne couvre aucun sc\u00e9nario de co-responsabilit\u00e9 du traitement ni de partage institutionnel de donn\u00e9es.<br data-start=\"5013\" data-end=\"5016\">Les utilisateurs acc\u00e9dant \u00e0 JobWinner via une organisation sont soumis \u00e0 une r\u00e9glementation. <a href=\"https:\/\/jobwinner.ai\/fr\/organisations-en-matiere-de-politique-de-confidentialite\/\"><strong data-start=\"5084\" data-end=\"5096\">s\u00e9par\u00e9<\/strong> politique de confidentialit\u00e9<\/a>.<\/p>\n<h2 data-start=\"5119\" data-end=\"5155\">&nbsp;<\/h2>\n<h2 data-start=\"5119\" data-end=\"5155\"><strong data-start=\"5122\" data-end=\"5155\">5. Base juridique du traitement<\/strong><\/h2>\n<p data-start=\"5157\" data-end=\"5229\">Nous nous appuyons sur les bases juridiques suivantes pour le traitement de vos donn\u00e9es personnelles\u00a0:<\/p>\n<p data-start=\"5231\" data-end=\"5674\">\u25cf <strong data-start=\"5233\" data-end=\"5264\">Consentement (Art. 6(1)(a) RGPD)<\/strong> \u2013 Lorsque vous acceptez de recevoir des communications marketing, des offres personnalis\u00e9es ou lorsque vous t\u00e9l\u00e9chargez volontairement des donn\u00e9es.<br data-start=\"5367\" data-end=\"5370\">\u25cf <strong data-start=\"5372\" data-end=\"5417\">N\u00e9cessit\u00e9 contractuelle (Art. 6(1)(b) RGPD)<\/strong> \u2013 Pour vous fournir les services que vous demandez.<br data-start=\"5456\" data-end=\"5459\">\u25cf <strong data-start=\"5461\" data-end=\"5505\">Int\u00e9r\u00eats l\u00e9gitimes (Art. 6(1)(f) RGPD)<\/strong> \u2013 Afin de maintenir la s\u00e9curit\u00e9 de la plateforme, de pr\u00e9venir les abus, d&#039;am\u00e9liorer les services et de r\u00e9aliser des analyses.<br data-start=\"5594\" data-end=\"5597\">\u25cf <strong data-start=\"5599\" data-end=\"5640\">Obligations l\u00e9gales (Art. 6(1)(c) RGPD)<\/strong> \u2013 Pour se conformer aux lois applicables.<\/p>\n<p data-start=\"5676\" data-end=\"5764\">Pour les utilisateurs r\u00e9sidant en Californie, nous respectons la loi CCPA. JobWinner ne vend pas de donn\u00e9es personnelles.<\/p>\n<h2 data-start=\"5771\" data-end=\"5795\">&nbsp;<\/h2>\n<h2 data-start=\"5771\" data-end=\"5795\"><strong data-start=\"5774\" data-end=\"5795\">6. Conservation des donn\u00e9es<\/strong><\/h2>\n<p data-start=\"5797\" data-end=\"5911\">Nous conservons les donn\u00e9es personnelles uniquement pendant la dur\u00e9e n\u00e9cessaire aux fins d\u00e9crites dans la pr\u00e9sente politique de confidentialit\u00e9, notamment\u00a0:<\/p>\n<p data-start=\"5913\" data-end=\"6087\">\u25cf Vous fournir des services pendant la dur\u00e9e de votre abonnement ou de votre utilisation de compte.<br data-start=\"5988\" data-end=\"5991\">\u25cf Respect des obligations l\u00e9gales et contractuelles.<br data-start=\"6038\" data-end=\"6041\">\u25cf R\u00e8glement des litiges et application des accords.<\/p>\n<p data-start=\"6089\" data-end=\"6162\">Lorsque les donn\u00e9es ne seront plus n\u00e9cessaires, elles seront supprim\u00e9es ou anonymis\u00e9es de mani\u00e8re s\u00e9curis\u00e9e.<\/p>\n<p data-start=\"6164\" data-end=\"6325\">Si vous demandez la suppression de votre compte, vos informations personnelles seront effac\u00e9es dans un d\u00e9lai raisonnable, sauf si des obligations l\u00e9gales exigent une conservation plus longue.<\/p>\n<h2 data-start=\"428\" data-end=\"467\">&nbsp;<\/h2>\n<h2 data-start=\"428\" data-end=\"467\"><strong data-start=\"431\" data-end=\"467\">7. Prestataires de services tiers<\/strong><\/h2>\n<p data-start=\"469\" data-end=\"743\">Nous collaborons avec des entreprises et des personnes de confiance (\u201c\u00a0Prestataires de services\u00a0\u201d) pour faciliter, soutenir et am\u00e9liorer nos services. Ces Prestataires de services assurent des fonctions telles que l\u2019analyse, l\u2019authentification, l\u2019h\u00e9bergement, le traitement des paiements, les communications et la production de r\u00e9sultats bas\u00e9s sur l\u2019IA.<\/p>\n<p data-start=\"745\" data-end=\"985\">Les prestataires de services peuvent avoir acc\u00e8s \u00e0 vos donn\u00e9es personnelles uniquement pour effectuer ces t\u00e2ches en notre nom. Ils sont contractuellement tenus de ne pas utiliser ni divulguer vos donn\u00e9es \u00e0 d&#039;autres fins et doivent se conformer aux lois applicables en mati\u00e8re de protection des donn\u00e9es.<\/p>\n<p data-start=\"987\" data-end=\"1025\">Nos prestataires de services actuels comprennent\u00a0:<\/p>\n<p data-start=\"1027\" data-end=\"1731\">\u25cf Google \u2013 Pour l\u2019analyse (Google Analytics, Google Tag Manager), l\u2019authentification (Google Sign-In) et le suivi comportemental.<br data-start=\"1150\" data-end=\"1153\">\u25cf Stripe \u2013 Pour la facturation et le traitement s\u00e9curis\u00e9s des abonnements.<br data-start=\"1219\" data-end=\"1222\">\u25cf Firebase \u2013 Pour l\u2019authentification, la gestion de bases de donn\u00e9es, l\u2019h\u00e9bergement et l\u2019infrastructure de code (fournie par Google).<br data-start=\"1330\" data-end=\"1333\">\u25cf Brevo (anciennement Sendinblue) \u2013 Pour l&#039;h\u00e9bergement et l&#039;envoi de courriels.<br data-start=\"1410\" data-end=\"1413\">\u25cf Hotjar \u2013 Pour l&#039;analyse du comportement des utilisateurs et l&#039;am\u00e9lioration des produits.<br data-start=\"1477\" data-end=\"1480\">\u25cf Cookiebot (par Usercentrics) \u2013 Pour la gestion du consentement aux cookies.<br data-start=\"1542\" data-end=\"1545\">\u25cf OpenAI \u2013 Pour g\u00e9n\u00e9rer des r\u00e9sultats personnalis\u00e9s (par exemple, des CV, des lettres de motivation) \u00e0 partir des informations fournies par l&#039;utilisateur.<br data-start=\"1654\" data-end=\"1657\">\u25cf Facebook (Meta) \u2013 Pour l\u2019authentification via la fonctionnalit\u00e9 de connexion sociale.<\/p>\n<p data-start=\"1733\" data-end=\"2004\">Nous veillons \u00e0 ce que tous les prestataires de services traitent vos donn\u00e9es de mani\u00e8re responsable et conform\u00e9ment aux r\u00e9glementations en mati\u00e8re de protection des donn\u00e9es, telles que le RGPD et le CCPA. Pour plus d&#039;informations sur la mani\u00e8re dont ces prestataires traitent vos donn\u00e9es, veuillez consulter leurs politiques de confidentialit\u00e9 respectives en cliquant sur les liens ci-dessus.<\/p>\n<h2 data-start=\"2011\" data-end=\"2034\">&nbsp;<\/h2>\n<h2 data-start=\"2011\" data-end=\"2034\"><strong data-start=\"2014\" data-end=\"2034\">8. S\u00e9curit\u00e9 des donn\u00e9es<\/strong><\/h2>\n<p data-start=\"2036\" data-end=\"2109\">Nous prenons la protection de vos donn\u00e9es personnelles tr\u00e8s au s\u00e9rieux. Les mesures mises en place comprennent\u00a0:<\/p>\n<p data-start=\"2111\" data-end=\"2350\">\u25cf Chiffrement des donn\u00e9es en transit et au repos.<br data-start=\"2155\" data-end=\"2158\">\u25cf Contr\u00f4les d&#039;acc\u00e8s bas\u00e9s sur les r\u00f4les pour restreindre qui peut consulter vos donn\u00e9es.<br data-start=\"2222\" data-end=\"2225\">\u25cf Syst\u00e8mes de surveillance pour d\u00e9tecter les acc\u00e8s non autoris\u00e9s ou les activit\u00e9s inhabituelles.<br data-start=\"2296\" data-end=\"2299\">\u25cf Audits et mises \u00e0 jour r\u00e9guliers des pratiques de s\u00e9curit\u00e9.<\/p>\n<h2 data-start=\"2357\" data-end=\"2395\">&nbsp;<\/h2>\n<h2 data-start=\"2357\" data-end=\"2395\"><strong data-start=\"2360\" data-end=\"2395\">9. Transferts internationaux de donn\u00e9es<\/strong><\/h2>\n<p data-start=\"2397\" data-end=\"2545\">La plateforme est h\u00e9berg\u00e9e au sein de l&#039;Union europ\u00e9enne. Si des donn\u00e9es sont transf\u00e9r\u00e9es hors de l&#039;UE, des garanties appropri\u00e9es sont mises en \u0153uvre, telles que\u00a0:<\/p>\n<p data-start=\"2547\" data-end=\"2689\">\u25cf D\u00e9cisions d\u2019ad\u00e9quation de la Commission europ\u00e9enne<br data-start=\"2594\" data-end=\"2597\">\u25cf Clauses contractuelles types (CCT)<br data-start=\"2634\" data-end=\"2637\">\u25cf Mesures techniques et organisationnelles suppl\u00e9mentaires<\/p>\n<p data-start=\"2691\" data-end=\"2755\">Ces mesures garantissent la protection de vos donn\u00e9es quel que soit leur emplacement.<\/p>\n<h2 data-start=\"2762\" data-end=\"2784\">&nbsp;<\/h2>\n<h2 data-start=\"2762\" data-end=\"2784\"><strong data-start=\"2765\" data-end=\"2784\">10. Vos droits<\/strong><\/h2>\n<p data-start=\"2786\" data-end=\"2881\">Selon votre juridiction, vous pouvez disposer des droits suivants concernant vos donn\u00e9es personnelles\u00a0:<\/p>\n<p data-start=\"2883\" data-end=\"3523\">\u25cf Droit d\u2019acc\u00e8s : Pour obtenir la confirmation et une copie de vos donn\u00e9es personnelles.<br data-start=\"2958\" data-end=\"2961\">\u25cf Droit de rectification : Pour corriger les donn\u00e9es inexactes ou incompl\u00e8tes.<br data-start=\"3028\" data-end=\"3031\">\u25cf Droit \u00e0 l\u2019effacement (\u201c Droit \u00e0 l\u2019oubli \u201d) : Pour demander la suppression de vos donn\u00e9es personnelles, sous r\u00e9serve des exceptions l\u00e9gales.<br data-start=\"3148\" data-end=\"3151\">\u25cf Droit \u00e0 la limitation du traitement\u00a0: pour limiter la mani\u00e8re dont vos donn\u00e9es sont utilis\u00e9es dans certaines situations.<br data-start=\"3236\" data-end=\"3239\">\u25cf Droit \u00e0 la portabilit\u00e9 des donn\u00e9es : Recevoir vos donn\u00e9es dans un format structur\u00e9 et lisible par machine.<br data-start=\"3330\" data-end=\"3333\">\u25cf Droit d\u2019opposition : S\u2019opposer \u00e0 certains traitements, y compris le marketing.<br data-start=\"3405\" data-end=\"3408\">\u25cf Droit de retirer son consentement : Vous pouvez retirer votre consentement \u00e0 tout moment, sans que cela n\u2019affecte la lic\u00e9it\u00e9 du traitement effectu\u00e9 avant ce moment.<\/p>\n<p data-start=\"3525\" data-end=\"3587\">Pour exercer ces droits, veuillez nous contacter \u00e0 l&#039;adresse suivante\u00a0: <a class=\"decorated-link\" href=\"mailto:support@jobwinner.ai\" rel=\"noopener\" data-start=\"3566\" data-end=\"3586\">support@jobwinner.ai<\/a>.<\/p>\n<h2 data-start=\"3594\" data-end=\"3636\">&nbsp;<\/h2>\n<h2 data-start=\"3594\" data-end=\"3636\"><strong data-start=\"3597\" data-end=\"3636\">11. Cookies et technologies de suivi<\/strong><\/h2>\n<p data-start=\"3638\" data-end=\"3699\">Nous utilisons des cookies et des technologies similaires \u00e0 des fins telles que\u00a0:<\/p>\n<p data-start=\"3701\" data-end=\"3920\">\u25cf Authentification et maintien de votre session.<br data-start=\"3747\" data-end=\"3750\">\u25cf Analyses permettant de comprendre comment les utilisateurs interagissent avec la plateforme.<br data-start=\"3813\" data-end=\"3816\">\u25cf Am\u00e9liorer les performances et la s\u00e9curit\u00e9 du site web.<br data-start=\"3861\" data-end=\"3864\">\u25cf Fournir des recommandations et des offres de cours pertinentes.<\/p>\n<p data-start=\"3922\" data-end=\"4055\">Vous pouvez g\u00e9rer vos pr\u00e9f\u00e9rences en mati\u00e8re de cookies via les param\u00e8tres de votre navigateur. La d\u00e9sactivation des cookies peut affecter le fonctionnement de certaines fonctionnalit\u00e9s.<\/p>\n<h2 data-start=\"4062\" data-end=\"4091\">&nbsp;<\/h2>\n<h2 data-start=\"4062\" data-end=\"4091\"><strong data-start=\"4065\" data-end=\"4091\">12. Protection de la vie priv\u00e9e des enfants<\/strong><\/h2>\n<p data-start=\"4093\" data-end=\"4262\">Nos services ne sont pas destin\u00e9s aux personnes de moins de 16 ans. Si nous constatons avoir collect\u00e9 des donn\u00e9es personnelles concernant un enfant de moins de 16 ans, nous les supprimerons imm\u00e9diatement.<\/p>\n<h2 data-start=\"4269\" data-end=\"4310\">&nbsp;<\/h2>\n<h2 data-start=\"4269\" data-end=\"4310\"><strong data-start=\"4272\" data-end=\"4310\">13. Modifications de la pr\u00e9sente politique de confidentialit\u00e9<\/strong><\/h2>\n<p data-start=\"4312\" data-end=\"4447\">Nous pouvons \u00eatre amen\u00e9s \u00e0 mettre \u00e0 jour la pr\u00e9sente politique de confidentialit\u00e9 de temps \u00e0 autre afin de refl\u00e9ter les changements intervenus dans nos pratiques, les exigences l\u00e9gales ou les \u00e9volutions techniques.<\/p>\n<p data-start=\"4449\" data-end=\"4642\">\u25cf Les modifications importantes seront communiqu\u00e9es aux utilisateurs par e-mail ou via des notifications sur la plateforme.<br data-start=\"4534\" data-end=\"4537\">\u25cf La \u201c Date d\u2019entr\u00e9e en vigueur \u201d figurant en haut de ce document indiquera toujours la date de la derni\u00e8re mise \u00e0 jour de la politique.<\/p>\n<h2 data-start=\"4649\" data-end=\"4670\">&nbsp;<\/h2>\n<h2 data-start=\"4649\" data-end=\"4670\"><strong data-start=\"4652\" data-end=\"4670\">14. Contactez-nous<\/strong><\/h2>\n<p data-start=\"4672\" data-end=\"4790\">Si vous avez des questions, des inqui\u00e9tudes ou des r\u00e9clamations concernant cette politique de confidentialit\u00e9 ou nos pratiques en mati\u00e8re de donn\u00e9es, vous pouvez nous contacter \u00e0 l&#039;adresse suivante\u00a0:<\/p>\n<p data-start=\"6164\" data-end=\"6325\">\n<\/p><p data-start=\"4792\" data-end=\"4859\">JobWinner<br data-start=\"4801\" data-end=\"4804\">Courriel\u00a0: assistance<a class=\"decorated-link cursor-pointer\" rel=\"noopener\" data-start=\"4811\" data-end=\"4831\">@jobwinner.ai<\/a><br data-start=\"4831\" data-end=\"4834\">Site web: <a class=\"decorated-link\" href=\"https:\/\/jobwinner.ai\/fr\/\" target=\"_new\" rel=\"noopener\" data-start=\"4843\" data-end=\"4859\">www.jobwinner.ai<\/a><\/p>\n<\/div>\n<div>\n<div>&nbsp;<\/div>\n<\/div>\t\t\t\t\t\t\t\t<\/div>\n\t\t\t\t\t<\/div>\n\t\t\t\t<\/div>\n\t\t\t\t<\/div>","protected":false},"excerpt":{"rendered":"<p>Privacy Policy Introduction JobWinner (\u201cwe,\u201d \u201cour,\u201d or \u201cus\u201d) is committed to protecting the privacy of our users.This Privacy Policy explains how we collect, use, share, and protect personal information when you access our website (www.jobwinner.ai) or mobile applications. If you access JobWinner through an organization, a separate privacy policy applies. By using our services, you [&hellip;]<\/p>\n","protected":false},"author":1,"featured_media":0,"parent":0,"menu_order":0,"comment_status":"closed","ping_status":"open","template":"","meta":{"footnotes":""},"wf_page_folders":[26],"class_list":["post-3","page","type-page","status-publish","hentry"],"jetpack_sharing_enabled":true,"_links":{"self":[{"href":"https:\/\/jobwinner.ai\/fr\/wp-json\/wp\/v2\/pages\/3","targetHints":{"allow":["GET"]}}],"collection":[{"href":"https:\/\/jobwinner.ai\/fr\/wp-json\/wp\/v2\/pages"}],"about":[{"href":"https:\/\/jobwinner.ai\/fr\/wp-json\/wp\/v2\/types\/page"}],"author":[{"embeddable":true,"href":"https:\/\/jobwinner.ai\/fr\/wp-json\/wp\/v2\/users\/1"}],"replies":[{"embeddable":true,"href":"https:\/\/jobwinner.ai\/fr\/wp-json\/wp\/v2\/comments?post=3"}],"version-history":[{"count":0,"href":"https:\/\/jobwinner.ai\/fr\/wp-json\/wp\/v2\/pages\/3\/revisions"}],"wp:attachment":[{"href":"https:\/\/jobwinner.ai\/fr\/wp-json\/wp\/v2\/media?parent=3"}],"wp:term":[{"taxonomy":"wf_page_folders","embeddable":true,"href":"https:\/\/jobwinner.ai\/fr\/wp-json\/wp\/v2\/wf_page_folders?post=3"}],"curies":[{"name":"wp","href":"https:\/\/api.w.org\/{rel}","templated":true}]}}