{"id":1208,"date":"2025-05-13T17:37:59","date_gmt":"2025-05-13T15:37:59","guid":{"rendered":"https:\/\/wp.jobwinner.ai\/?page_id=1208"},"modified":"2025-11-20T02:58:18","modified_gmt":"2025-11-20T01:58:18","slug":"politique-en-matiere-de-cookies","status":"publish","type":"page","link":"https:\/\/jobwinner.ai\/fr\/politique-en-matiere-de-cookies\/","title":{"rendered":"Politique relative aux cookies"},"content":{"rendered":"<div data-elementor-type=\"wp-page\" data-elementor-id=\"1208\" class=\"elementor elementor-1208\" data-elementor-post-type=\"page\">\n\t\t\t\t<div class=\"elementor-element elementor-element-9e31e94 e-flex e-con-boxed e-con e-parent\" data-id=\"9e31e94\" data-element_type=\"container\" data-e-type=\"container\">\n\t\t\t\t\t<div class=\"e-con-inner\">\n\t\t\t\t<div class=\"elementor-element elementor-element-a2c0d31 elementor-widget elementor-widget-heading\" data-id=\"a2c0d31\" data-element_type=\"widget\" data-e-type=\"widget\" data-widget_type=\"heading.default\">\n\t\t\t\t\t<h2 class=\"elementor-heading-title elementor-size-default\">Politique relative aux cookies<\/h2>\t\t\t\t<\/div>\n\t\t\t\t<div class=\"elementor-element elementor-element-2d1f722 elementor-widget elementor-widget-text-editor\" data-id=\"2d1f722\" data-element_type=\"widget\" data-e-type=\"widget\" data-widget_type=\"text-editor.default\">\n\t\t\t\t\t\t\t\t\t<h1 data-start=\"298\" data-end=\"319\"><strong data-start=\"320\" data-end=\"354\" style=\"font-size: 1rem;\">Derni\u00e8re mise \u00e0 jour : 30 octobre 2024<\/strong><\/h1>\n<h2 data-start=\"356\" data-end=\"376\">1. Introduction<\/h2>\n<p data-start=\"377\" data-end=\"563\">Cette politique relative aux cookies explique comment JobWinner (<a href=\"https:\/\/jobwinner.ai\/fr\/\" target=\"_new\" rel=\"noopener\" data-start=\"420\" data-end=\"436\">www.jobwinner.ai<\/a>Ce site utilise des cookies et des technologies similaires. Nous nous effor\u00e7ons d&#039;offrir une transparence totale tout en respectant le RGPD et les autres lois sur la protection des donn\u00e9es.<\/p>\n<p data-start=\"565\" data-end=\"751\">Pour les utilisateurs acc\u00e9dant \u00e0 JobWinner via une organisation, nous n&#039;utilisons pas de cookies d&#039;analyse, de marketing ou de pr\u00e9f\u00e9rences. Seuls les cookies strictement n\u00e9cessaires \u00e0 la s\u00e9curit\u00e9 et au fonctionnement de base sont install\u00e9s.<\/p>\n<h2 data-start=\"758\" data-end=\"783\">2. Que sont les cookies ?<\/h2>\n<p data-start=\"784\" data-end=\"1060\">Les cookies sont de petits fichiers texte plac\u00e9s sur votre appareil pour assurer le bon fonctionnement du site web, m\u00e9moriser certaines pr\u00e9f\u00e9rences et nous aider \u00e0 comprendre comment les visiteurs interagissent avec le site. Certains sont temporaires (cookies de session) et d&#039;autres restent sur le site pendant une p\u00e9riode d\u00e9finie (cookies persistants).<\/p>\n<p data-start=\"784\" data-end=\"1060\">Nous pouvons \u00e9galement utiliser des technologies similaires, telles que le stockage local, les pixels de suivi ou les scripts, \u00e0 des fins de s\u00e9curit\u00e9 et d&#039;analyse. Leur fonctionnement est similaire \u00e0 celui des cookies et elles sont soumises aux m\u00eames r\u00e8gles de consentement.<\/p>\n<h2 data-start=\"1067\" data-end=\"1093\">3. Comment nous utilisons les cookies<\/h2>\n<p data-start=\"1094\" data-end=\"1117\">Nous utilisons quatre cat\u00e9gories\u00a0:<\/p>\n<ul data-start=\"1119\" data-end=\"1583\">\n<li data-start=\"1119\" data-end=\"1226\">\n<p data-start=\"1121\" data-end=\"1226\"><strong data-start=\"1121\" data-end=\"1143\">Strictement n\u00e9cessaire<\/strong> \u2013 N\u00e9cessaire au fonctionnement du site (s\u00e9curit\u00e9, gestion de la charge, consentement aux cookies).<\/p>\n<\/li>\n<li data-start=\"1227\" data-end=\"1322\">\n<p data-start=\"1229\" data-end=\"1322\"><strong data-start=\"1229\" data-end=\"1260\">Pr\u00e9f\u00e9rences \/ Fonctionnalit\u00e9s<\/strong> \u2013 N\u2019oubliez pas vos choix pour am\u00e9liorer votre exp\u00e9rience de navigation.<\/p>\n<\/li>\n<li data-start=\"1323\" data-end=\"1433\">\n<p data-start=\"1325\" data-end=\"1433\"><strong data-start=\"1325\" data-end=\"1351\">Analyse \/ Statistiques<\/strong> \u2013 Aidez-nous \u00e0 comprendre comment les utilisateurs naviguent sur le site afin que nous puissions en am\u00e9liorer les performances.<\/p>\n<\/li>\n<li data-start=\"1434\" data-end=\"1583\">\n<p data-start=\"1436\" data-end=\"1583\"><strong data-start=\"1436\" data-end=\"1461\">Marketing \/ Ciblage<\/strong> \u2013 Utilis\u00e9 par les plateformes publicitaires pour mesurer ou personnaliser les publicit\u00e9s.<br data-start=\"1524\" data-end=\"1527\"><strong data-start=\"1529\" data-end=\"1583\">Ces outils ne sont jamais utilis\u00e9s pour les utilisateurs travaillant au sein d&#039;une organisation.<\/strong><\/p>\n<\/li>\n<\/ul>\n<p data-start=\"1585\" data-end=\"1671\">Les cookies non essentiels ne sont activ\u00e9s qu&#039;apr\u00e8s votre consentement via notre banni\u00e8re.<\/p>\n<h2 data-start=\"1678\" data-end=\"1702\">4. Fournisseurs de cookies<\/h2>\n<p data-start=\"1703\" data-end=\"1901\">Vous trouverez ci-dessous une liste concise des fournisseurs dont les cookies peuvent \u00eatre install\u00e9s sur <a href=\"https:\/\/jobwinner.ai\/fr\/\" target=\"_new\" rel=\"noopener\" data-start=\"1772\" data-end=\"1788\">www.jobwinner.ai<\/a>.<\/p>\n<p data-start=\"1703\" data-end=\"1901\">Le consentement est g\u00e9r\u00e9 par Cookiebot (Usercentrics), qui enregistre et stocke vos choix en toute s\u00e9curit\u00e9. La liste compl\u00e8te et d\u00e9taill\u00e9e (noms, dur\u00e9es, identifiants techniques) est toujours disponible dans votre panneau de consentement Cookiebot. En voici un aper\u00e7u.<\/p>\n<div>\n<div tabindex=\"-1\">\n<table data-start=\"1903\" data-end=\"2348\">\n<thead data-start=\"1903\" data-end=\"1927\">\n<tr data-start=\"1903\" data-end=\"1927\">\n<th data-start=\"1903\" data-end=\"1914\" data-col-size=\"sm\">Cat\u00e9gorie<\/th>\n<th data-start=\"1914\" data-end=\"1927\" data-col-size=\"md\">Fournisseurs<\/th>\n<\/tr>\n<\/thead>\n<tbody data-start=\"1953\" data-end=\"2348\">\n<tr data-start=\"1953\" data-end=\"2018\">\n<td data-start=\"1953\" data-end=\"1978\" data-col-size=\"sm\"><strong data-start=\"1955\" data-end=\"1977\">Strictement n\u00e9cessaire<\/strong><\/td>\n<td data-col-size=\"md\" data-start=\"1978\" data-end=\"2018\">Cookiebot (centr\u00e9 sur l&#039;utilisateur)<\/td>\n<\/tr>\n<tr data-start=\"2019\" data-end=\"2094\">\n<td data-start=\"2019\" data-end=\"2053\" data-col-size=\"sm\"><strong data-start=\"2021\" data-end=\"2052\">Pr\u00e9f\u00e9rences \/ Fonctionnalit\u00e9s<\/strong><\/td>\n<td data-col-size=\"md\" data-start=\"2053\" data-end=\"2094\">Cookiebot (centr\u00e9 sur l&#039;utilisateur), CDN PushOwl<\/td>\n<\/tr>\n<tr data-start=\"2095\" data-end=\"2196\">\n<td data-start=\"2095\" data-end=\"2124\" data-col-size=\"sm\"><strong data-start=\"2097\" data-end=\"2123\">Analyse \/ Statistiques<\/strong><\/td>\n<td data-col-size=\"md\" data-start=\"2124\" data-end=\"2196\">Google (Analytics, Tag Manager), Contentsquare, Smartlook, Microsoft<\/td>\n<\/tr>\n<tr data-start=\"2197\" data-end=\"2294\">\n<td data-start=\"2197\" data-end=\"2227\" data-col-size=\"sm\"><strong data-start=\"2199\" data-end=\"2226\">Marketing \/ Publicit\u00e9<\/strong><\/td>\n<td data-col-size=\"md\" data-start=\"2227\" data-end=\"2294\">Google Ads, Meta, LinkedIn, TikTok, Quora, YouTube, CDN PushOwl<\/td>\n<\/tr>\n<tr data-start=\"2295\" data-end=\"2348\">\n<td data-start=\"2295\" data-end=\"2327\" data-col-size=\"sm\"><strong data-start=\"2297\" data-end=\"2326\">Contenu social \/ int\u00e9gr\u00e9<\/strong><\/td>\n<td data-col-size=\"md\" data-start=\"2327\" data-end=\"2348\">YouTube, LinkedIn<\/td>\n<\/tr>\n<\/tbody>\n<\/table>\n<\/div>\n<\/div>\n<h2 data-start=\"2355\" data-end=\"2383\">5. Consentement et gestion<\/h2>\n<p data-start=\"2384\" data-end=\"2626\">Lorsque vous visitez notre site, vous pouvez accepter tous les cookies, refuser ceux qui ne sont pas essentiels ou s\u00e9lectionner des cat\u00e9gories individuellement. Vous pouvez modifier ou retirer votre consentement \u00e0 tout moment en utilisant <strong data-start=\"2552\" data-end=\"2573\">\u201c Param\u00e8tres des cookies \u201d<\/strong> dans le pied de page ou en modifiant les param\u00e8tres de votre navigateur.<\/p>\n<h2 data-start=\"2633\" data-end=\"2666\">6. Analyse et traitement des donn\u00e9es<\/h2>\n<p data-start=\"2667\" data-end=\"2869\">Nous utilisons Google Analytics 4 et d&#039;autres fournisseurs d&#039;analyse qui garantissent la protection de la vie priv\u00e9e, notamment par l&#039;anonymisation des adresses IP et l&#039;absence de suivi intersites. Ces fournisseurs traitent les donn\u00e9es en stricte conformit\u00e9 avec les instructions de JobWinner.<\/p>\n<p data-start=\"2871\" data-end=\"3000\">Certains prestataires peuvent traiter des donn\u00e9es en dehors de l&#039;EEE. Dans ce cas, nous nous appuyons sur les clauses contractuelles types ou des garanties \u00e9quivalentes.<\/p>\n<h2 data-start=\"3007\" data-end=\"3026\">7. Vos droits<\/h2>\n<p data-start=\"3027\" data-end=\"3182\">Pour plus d&#039;informations sur vos droits en vertu du RGPD (acc\u00e8s, suppression, opposition, etc.), veuillez consulter notre Politique de confidentialit\u00e9 ou nous contacter \u00e0 l&#039;adresse suivante\u00a0: <a href=\"mailto:support@jobwinner.ai\" rel=\"noopener\" data-start=\"3161\" data-end=\"3181\">support@jobwinner.ai<\/a>.<\/p>\n<h2 data-start=\"3189\" data-end=\"3219\">8. Mises \u00e0 jour de la pr\u00e9sente politique<\/h2>\n<p data-start=\"3220\" data-end=\"3319\">Nous pouvons modifier cette politique au besoin. Toute modification sera affich\u00e9e sur cette page et dans la banni\u00e8re relative aux cookies.<\/p>\n<h2 data-start=\"3326\" data-end=\"3341\">9. Contact<\/h2>\n<p data-start=\"3342\" data-end=\"3468\"><strong data-start=\"3342\" data-end=\"3352\">E-mail:<\/strong> <a href=\"mailto:support@jobwinner.ai\" rel=\"noopener\" data-start=\"3353\" data-end=\"3373\">support@jobwinner.ai<\/a><br data-start=\"3373\" data-end=\"3376\"><strong data-start=\"3376\" data-end=\"3388\">Adresse:<\/strong> Unit\u00e9 4, premier \u00e9tage, 84 Strand Street, Skerries, comt\u00e9 de Dublin, K34 VW93, Irlande<\/p>\t\t\t\t\t\t\t\t<\/div>\n\t\t\t\t\t<\/div>\n\t\t\t\t<\/div>\n\t\t\t\t<\/div>","protected":false},"excerpt":{"rendered":"<p>Cookie Policy Last Updated: October 30, 2024 1. Introduction This Cookie Policy explains how JobWinner (www.jobwinner.ai) uses cookies and similar technologies. We aim to offer transparency while complying with GDPR and other data-protection laws. For users accessing JobWinner through an Organization, we do not use analytics, marketing or preference cookies. Only strictly necessary cookies required [&hellip;]<\/p>\n","protected":false},"author":1,"featured_media":0,"parent":0,"menu_order":0,"comment_status":"closed","ping_status":"closed","template":"","meta":{"footnotes":""},"wf_page_folders":[26],"class_list":["post-1208","page","type-page","status-publish","hentry"],"jetpack_sharing_enabled":true,"_links":{"self":[{"href":"https:\/\/jobwinner.ai\/fr\/wp-json\/wp\/v2\/pages\/1208","targetHints":{"allow":["GET"]}}],"collection":[{"href":"https:\/\/jobwinner.ai\/fr\/wp-json\/wp\/v2\/pages"}],"about":[{"href":"https:\/\/jobwinner.ai\/fr\/wp-json\/wp\/v2\/types\/page"}],"author":[{"embeddable":true,"href":"https:\/\/jobwinner.ai\/fr\/wp-json\/wp\/v2\/users\/1"}],"replies":[{"embeddable":true,"href":"https:\/\/jobwinner.ai\/fr\/wp-json\/wp\/v2\/comments?post=1208"}],"version-history":[{"count":0,"href":"https:\/\/jobwinner.ai\/fr\/wp-json\/wp\/v2\/pages\/1208\/revisions"}],"wp:attachment":[{"href":"https:\/\/jobwinner.ai\/fr\/wp-json\/wp\/v2\/media?parent=1208"}],"wp:term":[{"taxonomy":"wf_page_folders","embeddable":true,"href":"https:\/\/jobwinner.ai\/fr\/wp-json\/wp\/v2\/wf_page_folders?post=1208"}],"curies":[{"name":"wp","href":"https:\/\/api.w.org\/{rel}","templated":true}]}}