{"id":10374,"date":"2025-11-28T18:00:33","date_gmt":"2025-11-28T17:00:33","guid":{"rendered":"https:\/\/jobwinner.ai\/?page_id=10374"},"modified":"2026-04-04T11:25:42","modified_gmt":"2026-04-04T09:25:42","slug":"etudes-de-cas-de-plateformes-de-carriere","status":"publish","type":"page","link":"https:\/\/jobwinner.ai\/fr\/plateforme-de-carriere\/etudes-de-cas-de-plateformes-de-carriere\/","title":{"rendered":"\u00c9TUDES DE CAS"},"content":{"rendered":"<div data-elementor-type=\"wp-page\" data-elementor-id=\"10374\" class=\"elementor elementor-10374\" data-elementor-post-type=\"page\">\n\t\t\t\t<div class=\"elementor-element elementor-element-d680f93 e-flex e-con-boxed e-con e-parent\" data-id=\"d680f93\" data-element_type=\"container\" data-e-type=\"container\" data-settings=\"{&quot;background_background&quot;:&quot;classic&quot;}\">\n\t\t\t\t\t<div class=\"e-con-inner\">\n\t\t<div class=\"elementor-element elementor-element-f157ae7 e-con-full e-flex e-con e-child\" data-id=\"f157ae7\" data-element_type=\"container\" data-e-type=\"container\">\n\t\t\t\t<div class=\"elementor-element elementor-element-7b7944b elementor-widget elementor-widget-heading\" data-id=\"7b7944b\" data-element_type=\"widget\" data-e-type=\"widget\" data-widget_type=\"heading.default\">\n\t\t\t\t\t<h1 class=\"elementor-heading-title elementor-size-default\">Exemples de r\u00e9ussite de la plateforme de carri\u00e8re IA en marque blanche JobWinner \ud83d\ude80<\/h1>\t\t\t\t<\/div>\n\t\t\t\t<div class=\"elementor-element elementor-element-3c74809 elementor-widget-widescreen__width-inherit elementor-widget-laptop__width-initial elementor-widget elementor-widget-text-editor\" data-id=\"3c74809\" data-element_type=\"widget\" data-e-type=\"widget\" data-widget_type=\"text-editor.default\">\n\t\t\t\t\t\t\t\t\t<p data-start=\"356\" data-end=\"459\">D\u00e9couvrez comment des entreprises comme la v\u00f4tre utilisent JobWinner pour valoriser leurs offres, optimiser leurs programmes et d\u00e9ployer des services d&#039;orientation professionnelle \u00e0 grande \u00e9chelle gr\u00e2ce \u00e0 l&#039;IA.<\/p>\t\t\t\t\t\t\t\t<\/div>\n\t\t\t\t<\/div>\n\t\t\t\t\t<\/div>\n\t\t\t\t<\/div>\n\t\t<div class=\"elementor-element elementor-element-ea75620 e-flex e-con-boxed e-con e-parent\" data-id=\"ea75620\" data-element_type=\"container\" data-e-type=\"container\" data-settings=\"{&quot;background_background&quot;:&quot;gradient&quot;}\">\n\t\t\t\t\t<div class=\"e-con-inner\">\n\t\t<div class=\"elementor-element elementor-element-e3e1984 e-con-full e-flex e-con e-child\" data-id=\"e3e1984\" data-element_type=\"container\" data-e-type=\"container\">\n\t\t<div class=\"elementor-element elementor-element-0bf5cb8 e-con-full e-flex e-con e-child\" data-id=\"0bf5cb8\" data-element_type=\"container\" data-e-type=\"container\" data-settings=\"{&quot;background_background&quot;:&quot;classic&quot;}\">\n\t\t\t\t<div class=\"elementor-element elementor-element-5d573ce elementor-position-inline-start elementor-widget-mobile__width-inherit elementor-view-default elementor-mobile-position-block-start elementor-widget elementor-widget-icon-box\" data-id=\"5d573ce\" data-element_type=\"widget\" data-e-type=\"widget\" data-widget_type=\"icon-box.default\">\n\t\t\t\t\t\t\t<div class=\"elementor-icon-box-wrapper\">\n\n\t\t\t\t\t\t<div class=\"elementor-icon-box-icon\">\n\t\t\t\t<span  class=\"elementor-icon\">\n\t\t\t\t<svg aria-hidden=\"true\" class=\"e-font-icon-svg e-fas-users\" viewbox=\"0 0 640 512\" xmlns=\"http:\/\/www.w3.org\/2000\/svg\"><path d=\"M96 224c35.3 0 64-28.7 64-64s-28.7-64-64-64-64 28.7-64 64 28.7 64 64 64zm448 0c35.3 0 64-28.7 64-64s-28.7-64-64-64-64 28.7-64 64 28.7 64 64 64zm32 32h-64c-17.6 0-33.5 7.1-45.1 18.6 40.3 22.1 68.9 62 75.1 109.4h66c17.7 0 32-14.3 32-32v-32c0-35.3-28.7-64-64-64zm-256 0c61.9 0 112-50.1 112-112S381.9 32 320 32 208 82.1 208 144s50.1 112 112 112zm76.8 32h-8.3c-20.8 10-43.9 16-68.5 16s-47.6-6-68.5-16h-8.3C179.6 288 128 339.6 128 403.2V432c0 26.5 21.5 48 48 48h288c26.5 0 48-21.5 48-48v-28.8c0-63.6-51.6-115.2-115.2-115.2zm-223.7-13.4C161.5 263.1 145.6 256 128 256H64c-35.3 0-64 28.7-64 64v32c0 17.7 14.3 32 32 32h65.9c6.3-47.4 34.9-87.3 75.2-109.4z\"><\/path><\/svg>\t\t\t\t<\/span>\n\t\t\t<\/div>\n\t\t\t\n\t\t\t\t\t\t<div class=\"elementor-icon-box-content\">\n\n\t\t\t\t\t\t\t\t\t<span class=\"elementor-icon-box-title\">\n\t\t\t\t\t\t<span  >\n\t\t\t\t\t\t\tCr\u00e9ateurs de contenu et coachs de carri\u00e8re\t\t\t\t\t\t<\/span>\n\t\t\t\t\t<\/span>\n\t\t\t\t\n\t\t\t\t\n\t\t\t<\/div>\n\t\t\t\n\t\t<\/div>\n\t\t\t\t\t\t<\/div>\n\t\t\t\t<div class=\"elementor-element elementor-element-c081537 elementor-widget elementor-widget-heading\" data-id=\"c081537\" data-element_type=\"widget\" data-e-type=\"widget\" data-widget_type=\"heading.default\">\n\t\t\t\t\t<h2 class=\"elementor-heading-title elementor-size-default\">Comment JobWinner a aid\u00e9 les abonn\u00e9s de Sandeep Space \u00e0 cr\u00e9er plus de 1000 CV personnalis\u00e9s<\/h2>\t\t\t\t<\/div>\n\t\t\t\t<div class=\"elementor-element elementor-element-66e0394 elementor-widget elementor-widget-text-editor\" data-id=\"66e0394\" data-element_type=\"widget\" data-e-type=\"widget\" data-widget_type=\"text-editor.default\">\n\t\t\t\t\t\t\t\t\t<p data-start=\"111\" data-end=\"261\">Sandeep Space a utilis\u00e9 la plateforme en marque blanche de JobWinner pour g\u00e9n\u00e9rer plus de 1 100 applications personnalis\u00e9es et augmenter la valeur de ses offres pour plus de 80 clients.<\/p>\t\t\t\t\t\t\t\t<\/div>\n\t\t\t\t<div class=\"elementor-element elementor-element-2bf3443 elementor-widescreen-align-left elementor-mobile-align-center elementor-widget-mobile__width-initial elementor-widget elementor-widget-button\" data-id=\"2bf3443\" data-element_type=\"widget\" data-e-type=\"widget\" data-widget_type=\"button.default\">\n\t\t\t\t\t\t\t\t\t\t<a class=\"elementor-button elementor-button-link elementor-size-sm\" href=\"https:\/\/jobwinner.ai\/fr\/plateforme-de-carriere\/etudes-de-cas-de-plateformes-de-carriere\/etudes-de-cas-sur-les-plateformes-de-carriere-coach-de-carriere-sandeep-space\/\">\n\t\t\t\t\t\t<span class=\"elementor-button-content-wrapper\">\n\t\t\t\t\t\t\t\t\t<span class=\"elementor-button-text\">Consultez l&#039;\u00e9tude de cas compl\u00e8te <\/span>\n\t\t\t\t\t<\/span>\n\t\t\t\t\t<\/a>\n\t\t\t\t\t\t\t\t<\/div>\n\t\t\t\t<\/div>\n\t\t<div class=\"elementor-element elementor-element-1cf3ced e-con-full e-flex e-con e-child\" data-id=\"1cf3ced\" data-element_type=\"container\" data-e-type=\"container\" data-settings=\"{&quot;background_background&quot;:&quot;classic&quot;}\">\n\t\t\t\t<div class=\"elementor-element elementor-element-6b42d30 elementor-widget elementor-widget-image\" data-id=\"6b42d30\" data-element_type=\"widget\" data-e-type=\"widget\" data-widget_type=\"image.default\">\n\t\t\t\t\t\t\t\t\t\t\t\t\t\t\t<img fetchpriority=\"high\" decoding=\"async\" width=\"800\" height=\"800\" src=\"https:\/\/jobwinner.ai\/wp-content\/uploads\/490131067_1929977644492150_5557869001358751062_n.jpg\" class=\"attachment-large size-large wp-image-10151\" alt=\"Image de Sandeep Space - JobWinner Career Coach Plateforme d&#039;IA en marque blanche\" \/>\t\t\t\t\t\t\t\t\t\t\t\t\t\t\t<\/div>\n\t\t\t\t<\/div>\n\t\t\t\t<\/div>\n\t\t\t\t\t<\/div>\n\t\t\t\t<\/div>\n\t\t<div class=\"elementor-element elementor-element-721824e e-flex e-con-boxed e-con e-parent\" data-id=\"721824e\" data-element_type=\"container\" data-e-type=\"container\" data-settings=\"{&quot;background_background&quot;:&quot;gradient&quot;}\">\n\t\t\t\t\t<div class=\"e-con-inner\">\n\t\t<div class=\"elementor-element elementor-element-bce3189 e-con-full e-flex e-con e-child\" data-id=\"bce3189\" data-element_type=\"container\" data-e-type=\"container\">\n\t\t<div class=\"elementor-element elementor-element-1ebad7e e-con-full e-flex e-con e-child\" data-id=\"1ebad7e\" data-element_type=\"container\" data-e-type=\"container\" data-settings=\"{&quot;background_background&quot;:&quot;classic&quot;}\">\n\t\t\t\t<div class=\"elementor-element elementor-element-77e8ee7 elementor-hidden-mobile elementor-widget elementor-widget-image\" data-id=\"77e8ee7\" data-element_type=\"widget\" data-e-type=\"widget\" data-widget_type=\"image.default\">\n\t\t\t\t\t\t\t\t\t\t\t\t\t\t\t<img decoding=\"async\" width=\"800\" height=\"690\" src=\"https:\/\/jobwinner.ai\/wp-content\/uploads\/Screenshot-2025-11-26-at-23.40.20.jpg\" class=\"attachment-large size-large wp-image-10198\" alt=\"Image de Andrea Pilan Caso d&#039;\u00c9xito de JobWinner\" \/>\t\t\t\t\t\t\t\t\t\t\t\t\t\t\t<\/div>\n\t\t\t\t<\/div>\n\t\t<div class=\"elementor-element elementor-element-5839b3b e-con-full e-flex e-con e-child\" data-id=\"5839b3b\" data-element_type=\"container\" data-e-type=\"container\" data-settings=\"{&quot;background_background&quot;:&quot;classic&quot;}\">\n\t\t\t\t<div class=\"elementor-element elementor-element-613bef5 elementor-position-inline-start elementor-widget-mobile__width-inherit elementor-view-default elementor-mobile-position-block-start elementor-widget elementor-widget-icon-box\" data-id=\"613bef5\" data-element_type=\"widget\" data-e-type=\"widget\" data-widget_type=\"icon-box.default\">\n\t\t\t\t\t\t\t<div class=\"elementor-icon-box-wrapper\">\n\n\t\t\t\t\t\t<div class=\"elementor-icon-box-icon\">\n\t\t\t\t<span  class=\"elementor-icon\">\n\t\t\t\t<svg aria-hidden=\"true\" class=\"e-font-icon-svg e-fas-user-graduate\" viewbox=\"0 0 448 512\" xmlns=\"http:\/\/www.w3.org\/2000\/svg\"><path d=\"M319.4 320.6L224 416l-95.4-95.4C57.1 323.7 0 382.2 0 454.4v9.6c0 26.5 21.5 48 48 48h352c26.5 0 48-21.5 48-48v-9.6c0-72.2-57.1-130.7-128.6-133.8zM13.6 79.8l6.4 1.5v58.4c-7 4.2-12 11.5-12 20.3 0 8.4 4.6 15.4 11.1 19.7L3.5 242c-1.7 6.9 2.1 14 7.6 14h41.8c5.5 0 9.3-7.1 7.6-14l-15.6-62.3C51.4 175.4 56 168.4 56 160c0-8.8-5-16.1-12-20.3V87.1l66 15.9c-8.6 17.2-14 36.4-14 57 0 70.7 57.3 128 128 128s128-57.3 128-128c0-20.6-5.3-39.8-14-57l96.3-23.2c18.2-4.4 18.2-27.1 0-31.5l-190.4-46c-13-3.1-26.7-3.1-39.7 0L13.6 48.2c-18.1 4.4-18.1 27.2 0 31.6z\"><\/path><\/svg>\t\t\t\t<\/span>\n\t\t\t<\/div>\n\t\t\t\n\t\t\t\t\t\t<div class=\"elementor-icon-box-content\">\n\n\t\t\t\t\t\t\t\t\t<span class=\"elementor-icon-box-title\">\n\t\t\t\t\t\t<span  >\n\t\t\t\t\t\t\tBootcamp | Coach de carri\u00e8re\t\t\t\t\t\t<\/span>\n\t\t\t\t\t<\/span>\n\t\t\t\t\n\t\t\t\t\n\t\t\t<\/div>\n\t\t\t\n\t\t<\/div>\n\t\t\t\t\t\t<\/div>\n\t\t\t\t<div class=\"elementor-element elementor-element-4992137 elementor-widget elementor-widget-heading\" data-id=\"4992137\" data-element_type=\"widget\" data-e-type=\"widget\" data-widget_type=\"heading.default\">\n\t\t\t\t\t<h2 class=\"elementor-heading-title elementor-size-default\">Comment JobWinner a aid\u00e9 Andrea Pilan \u00e0 am\u00e9liorer son service de coaching gr\u00e2ce \u00e0 des outils bas\u00e9s sur l&#039;IA<\/h2>\t\t\t\t<\/div>\n\t\t\t\t<div class=\"elementor-element elementor-element-90bb9b0 elementor-widget elementor-widget-text-editor\" data-id=\"90bb9b0\" data-element_type=\"widget\" data-e-type=\"widget\" data-widget_type=\"text-editor.default\">\n\t\t\t\t\t\t\t\t\t<p>Climbing Talent a utilis\u00e9 JobWinner pour optimiser la personnalisation des CV et l&#039;accompagnement dans la recherche d&#039;emploi, g\u00e9n\u00e9rant plus de 200 candidatures et aidant ses clients \u00e0 d\u00e9crocher plusieurs postes.<\/p>\t\t\t\t\t\t\t\t<\/div>\n\t\t\t\t<div class=\"elementor-element elementor-element-928f669 elementor-widescreen-align-left elementor-mobile-align-center elementor-widget-mobile__width-initial elementor-widget elementor-widget-button\" data-id=\"928f669\" data-element_type=\"widget\" data-e-type=\"widget\" data-widget_type=\"button.default\">\n\t\t\t\t\t\t\t\t\t\t<a class=\"elementor-button elementor-button-link elementor-size-sm\" href=\"https:\/\/jobwinner.ai\/fr\/plateforme-de-carriere\/etudes-de-cas-de-plateformes-de-carriere\/etudes-de-cas-sur-les-plateformes-de-carriere-coach-de-carriere-talent-descalade-2\/\">\n\t\t\t\t\t\t<span class=\"elementor-button-content-wrapper\">\n\t\t\t\t\t\t\t\t\t<span class=\"elementor-button-text\">Consultez l&#039;\u00e9tude de cas compl\u00e8te <\/span>\n\t\t\t\t\t<\/span>\n\t\t\t\t\t<\/a>\n\t\t\t\t\t\t\t\t<\/div>\n\t\t\t\t<\/div>\n\t\t\t\t<\/div>\n\t\t\t\t\t<\/div>\n\t\t\t\t<\/div>\n\t\t\t\t<\/div>","protected":false},"excerpt":{"rendered":"<p>JobWinner white-label AI career platform success cases \ud83d\ude80 Learn how businesses like yours are using JobWinner to increase the value of their offerings, elevate their programs, and deliver career services at scale wit AI Content Creators &amp; Career Coaches How JobWinner helped Sandeep Space followers create over 1000 tailored resumes Sandeep Space used JobWinner\u2019s white-label [&hellip;]<\/p>\n","protected":false},"author":3,"featured_media":0,"parent":3512,"menu_order":0,"comment_status":"closed","ping_status":"closed","template":"","meta":{"footnotes":""},"wf_page_folders":[76],"class_list":["post-10374","page","type-page","status-publish","hentry"],"_links":{"self":[{"href":"https:\/\/jobwinner.ai\/fr\/wp-json\/wp\/v2\/pages\/10374","targetHints":{"allow":["GET"]}}],"collection":[{"href":"https:\/\/jobwinner.ai\/fr\/wp-json\/wp\/v2\/pages"}],"about":[{"href":"https:\/\/jobwinner.ai\/fr\/wp-json\/wp\/v2\/types\/page"}],"author":[{"embeddable":true,"href":"https:\/\/jobwinner.ai\/fr\/wp-json\/wp\/v2\/users\/3"}],"replies":[{"embeddable":true,"href":"https:\/\/jobwinner.ai\/fr\/wp-json\/wp\/v2\/comments?post=10374"}],"version-history":[{"count":9,"href":"https:\/\/jobwinner.ai\/fr\/wp-json\/wp\/v2\/pages\/10374\/revisions"}],"predecessor-version":[{"id":13008,"href":"https:\/\/jobwinner.ai\/fr\/wp-json\/wp\/v2\/pages\/10374\/revisions\/13008"}],"up":[{"embeddable":true,"href":"https:\/\/jobwinner.ai\/fr\/wp-json\/wp\/v2\/pages\/3512"}],"wp:attachment":[{"href":"https:\/\/jobwinner.ai\/fr\/wp-json\/wp\/v2\/media?parent=10374"}],"wp:term":[{"taxonomy":"wf_page_folders","embeddable":true,"href":"https:\/\/jobwinner.ai\/fr\/wp-json\/wp\/v2\/wf_page_folders?post=10374"}],"curies":[{"name":"wp","href":"https:\/\/api.w.org\/{rel}","templated":true}]}}