{"id":826,"date":"2025-05-05T11:44:11","date_gmt":"2025-05-05T09:44:11","guid":{"rendered":"https:\/\/wp.jobwinner.ai\/?page_id=826"},"modified":"2026-03-27T17:19:43","modified_gmt":"2026-03-27T16:19:43","slug":"contacto","status":"publish","type":"page","link":"https:\/\/jobwinner.ai\/es\/contacto\/","title":{"rendered":"Contacto"},"content":{"rendered":"\t\t<div data-elementor-type=\"wp-page\" data-elementor-id=\"826\" class=\"elementor elementor-826\" data-elementor-post-type=\"page\">\n\t\t\t\t<div class=\"elementor-element elementor-element-3f070e0c e-flex e-con-boxed e-con e-parent\" data-id=\"3f070e0c\" data-element_type=\"container\" data-e-type=\"container\" data-settings=\"{&quot;background_background&quot;:&quot;gradient&quot;}\">\n\t\t\t\t\t<div class=\"e-con-inner\">\n\t\t<div class=\"elementor-element elementor-element-791eefbc e-con-full e-flex e-con e-child\" data-id=\"791eefbc\" data-element_type=\"container\" data-e-type=\"container\">\n\t\t<div class=\"elementor-element elementor-element-62290bbb e-con-full e-flex e-con e-child\" data-id=\"62290bbb\" data-element_type=\"container\" data-e-type=\"container\">\n\t\t\t\t<div class=\"elementor-element elementor-element-bacb458 elementor-widget elementor-widget-heading\" data-id=\"bacb458\" data-element_type=\"widget\" data-e-type=\"widget\" data-widget_type=\"heading.default\">\n\t\t\t\t\t<h2 class=\"elementor-heading-title elementor-size-default\">Contact <span class=\"blue\">us<\/span><\/strong><\/h2>\t\t\t\t<\/div>\n\t\t\t\t<div class=\"elementor-element elementor-element-622a709 elementor-widget elementor-widget-text-editor\" data-id=\"622a709\" data-element_type=\"widget\" data-e-type=\"widget\" data-widget_type=\"text-editor.default\">\n\t\t\t\t\t\t\t\t\t<p>We&#8217;re here to assist with any questions about our job search app or related services<\/p>\t\t\t\t\t\t\t\t<\/div>\n\t\t\t\t<\/div>\n\t\t<div class=\"elementor-element elementor-element-1c6d044f e-con-full e-flex e-con e-child\" data-id=\"1c6d044f\" data-element_type=\"container\" data-e-type=\"container\" data-settings=\"{&quot;background_background&quot;:&quot;classic&quot;}\">\n\t\t\t\t<div class=\"elementor-element elementor-element-78dedab0 elementor-mobile-button-align-center elementor-widget elementor-widget-form\" data-id=\"78dedab0\" data-element_type=\"widget\" data-e-type=\"widget\" data-settings=\"{&quot;step_next_label&quot;:&quot;Next&quot;,&quot;step_previous_label&quot;:&quot;Previous&quot;,&quot;button_width&quot;:&quot;100&quot;,&quot;step_type&quot;:&quot;number_text&quot;,&quot;step_icon_shape&quot;:&quot;circle&quot;}\" data-widget_type=\"form.default\">\n\t\t\t\t\t\t\t<form class=\"elementor-form\" method=\"post\" name=\"Contact\" aria-label=\"Contact\">\n\t\t\t<input type=\"hidden\" name=\"post_id\" value=\"826\"\/>\n\t\t\t<input type=\"hidden\" name=\"form_id\" value=\"78dedab0\"\/>\n\t\t\t<input type=\"hidden\" name=\"referer_title\" value=\"Contact JobWinner | Get Support Or Book A Demo Today\" \/>\n\n\t\t\t\t\t\t\t<input type=\"hidden\" name=\"queried_id\" value=\"826\"\/>\n\t\t\t\n\t\t\t<div class=\"elementor-form-fields-wrapper elementor-labels-above\">\n\t\t\t\t\t\t\t\t<div class=\"elementor-field-type-text elementor-field-group elementor-column elementor-field-group-name elementor-col-50 elementor-field-required\">\n\t\t\t\t\t\t\t\t\t\t\t\t<label for=\"form-field-name\" class=\"elementor-field-label\">\n\t\t\t\t\t\t\t\tFull Name\t\t\t\t\t\t\t<\/label>\n\t\t\t\t\t\t\t\t\t\t\t\t\t\t<input size=\"1\" type=\"text\" name=\"form_fields[name]\" id=\"form-field-name\" class=\"elementor-field elementor-size-sm  elementor-field-textual\" placeholder=\"Enter your name*\" required=\"required\">\n\t\t\t\t\t\t\t\t\t\t\t<\/div>\n\t\t\t\t\t\t\t\t<div class=\"elementor-field-type-email elementor-field-group elementor-column elementor-field-group-email elementor-col-50 elementor-field-required\">\n\t\t\t\t\t\t\t\t\t\t\t\t<label for=\"form-field-email\" class=\"elementor-field-label\">\n\t\t\t\t\t\t\t\tEmail Address*\t\t\t\t\t\t\t<\/label>\n\t\t\t\t\t\t\t\t\t\t\t\t\t\t<input size=\"1\" type=\"email\" name=\"form_fields[email]\" id=\"form-field-email\" class=\"elementor-field elementor-size-sm  elementor-field-textual\" placeholder=\"Email Address*\" required=\"required\">\n\t\t\t\t\t\t\t\t\t\t\t<\/div>\n\t\t\t\t\t\t\t\t<div class=\"elementor-field-type-textarea elementor-field-group elementor-column elementor-field-group-message elementor-col-100\">\n\t\t\t\t\t\t\t\t\t\t\t\t<label for=\"form-field-message\" class=\"elementor-field-label\">\n\t\t\t\t\t\t\t\tMessage\t\t\t\t\t\t\t<\/label>\n\t\t\t\t\t\t<textarea class=\"elementor-field-textual elementor-field  elementor-size-sm\" name=\"form_fields[message]\" id=\"form-field-message\" rows=\"3\" placeholder=\"Tell us how we can help* \"><\/textarea>\t\t\t\t<\/div>\n\t\t\t\t\t\t\t\t<div class=\"elementor-field-type-acceptance elementor-field-group elementor-column elementor-field-group-policy_privacity elementor-col-100 elementor-field-required\">\n\t\t\t\t\t\t\t<div class=\"elementor-field-subgroup\">\n\t\t\t<span class=\"elementor-field-option\">\n\t\t\t\t<input type=\"checkbox\" name=\"form_fields[policy_privacity]\" id=\"form-field-policy_privacity\" class=\"elementor-field elementor-size-sm  elementor-acceptance-field\" required=\"required\">\n\t\t\t\t<label for=\"form-field-policy_privacity\">This site is protected by reCAPTCHA, and the <a link=\"https:\/\/jobwinner.ai\/privacy-policy\/\">Privacy Policy<\/a> and <a link=\"https:\/\/jobwinner.ai\/terms-of-service\/\"> Terms of Service apply. <\/a><\/label>\t\t\t<\/span>\n\t\t<\/div>\n\t\t\t\t\t\t<\/div>\n\t\t\t\t\t\t\t\t<div class=\"elementor-field-type-recaptcha_v3 elementor-field-group elementor-column elementor-field-group-recapcha elementor-col-100 recaptcha_v3-bottomright\">\n\t\t\t\t\t<div class=\"elementor-field\" id=\"form-field-recapcha\"><div class=\"elementor-g-recaptcha\" data-sitekey=\"6LeqxC8sAAAAAA9GlzrZFdTlufZGmWlfzkvVaheT\" data-type=\"v3\" data-action=\"Form\" data-badge=\"bottomright\" data-size=\"invisible\"><\/div><\/div>\t\t\t\t<\/div>\n\t\t\t\t\t\t\t\t<div class=\"elementor-field-group elementor-column elementor-field-type-submit elementor-col-100 e-form__buttons\">\n\t\t\t\t\t<button class=\"elementor-button elementor-size-md\" type=\"submit\">\n\t\t\t\t\t\t<span class=\"elementor-button-content-wrapper\">\n\t\t\t\t\t\t\t\t\t\t\t\t\t\t\t\t\t\t\t\t\t\t<span class=\"elementor-button-text\">Send message<\/span>\n\t\t\t\t\t\t\t\t\t\t\t\t\t<\/span>\n\t\t\t\t\t<\/button>\n\t\t\t\t<\/div>\n\t\t\t<\/div>\n\t\t<\/form>\n\t\t\t\t\t\t<\/div>\n\t\t\t\t<\/div>\n\t\t\t\t<\/div>\n\t\t\t\t\t<\/div>\n\t\t\t\t<\/div>\n\t\t<div class=\"elementor-element elementor-element-d5eeaf6 e-flex e-con-boxed e-con e-parent\" data-id=\"d5eeaf6\" data-element_type=\"container\" data-e-type=\"container\">\n\t\t\t\t\t<div class=\"e-con-inner\">\n\t\t\t\t<div class=\"elementor-element elementor-element-c8bb06c e-con e-atomic-element e-flexbox-base e-c8bb06c-f0bc15b\" data-id=\"c8bb06c\" data-element_type=\"e-flexbox\" data-e-type=\"e-flexbox\" data-interaction-id=\"c8bb06c\" data-e-type=\"e-flexbox\" data-id=\"c8bb06c\">\n\t\t\t\t<div class=\"elementor-element elementor-element-c480287 e-con e-atomic-element e-div-block-base e-c480287-1a0563d\" data-id=\"c480287\" data-element_type=\"e-div-block\" data-e-type=\"e-div-block\" data-interaction-id=\"c480287\" data-e-type=\"e-div-block\" data-id=\"c480287\">\n\t\t\t\t\t\t\t<h2 \n\t\tdata-interaction-id=\"3aee526\" \n\t\tclass=\"e-3aee526-33d310d e-heading-base\" \n\t\t \n\t\tdata-e-type=\"widget\" data-id=\"3aee526\"\n\t>\n\t\n\t\t\tCreate tailored resumes, cover letters, and much more with our AI tools\n\t\t<\/h2>\n\t\t\t\t\t\t\t\t<p class=\"e-af1c2ca-c398c3b e-paragraph-base\" data-interaction-id=\"af1c2ca\"  data-e-type=\"widget\" data-id=\"af1c2ca\">\n\t\t\t\t\t\t\t\tJoin the ranks of successful job seekers hired thanks to JobWinner AI tools\n\t\t\t\t\t<\/p>\n\t\t\t\t\t    \t            <a\n            \t\t\thref=\"https:\/\/app.jobwinner.ai\/register?lang=en\"\n        target=\"_self\"\n            class=\"e-5a50a59-c040bc6 e-button-base\"\n            data-interaction-id=\"5a50a59\"\n             data-e-type=\"widget\" data-id=\"5a50a59\"\n        >\n            Start now for free\n        <\/a>\n    \t\t\t\t<\/div>\n\t\t\t\t<\/div>\n\t\t\t\t\t<\/div>\n\t\t\t\t<\/div>\n\t\t\t\t<\/div>\n\t\t","protected":false},"excerpt":{"rendered":"<p>Cont\u00e1ctanos Estamos aqu\u00ed para ayudarte con cualquier pregunta sobre nuestra aplicaci\u00f3n de b\u00fasqueda de empleo o servicios relacionados Crea curr\u00edculums personalizados, cartas de presentaci\u00f3n y mucho m\u00e1s con nuestras herramientas de IA \u00danete a las filas de buscadores de empleo exitosos contratados gracias a las herramientas de IA de JobWinner Comienza ahora gratis<\/p>","protected":false},"author":3,"featured_media":0,"parent":0,"menu_order":0,"comment_status":"closed","ping_status":"closed","template":"","meta":{"footnotes":""},"wf_page_folders":[28],"class_list":["post-826","page","type-page","status-publish","hentry"],"_links":{"self":[{"href":"https:\/\/jobwinner.ai\/es\/wp-json\/wp\/v2\/pages\/826","targetHints":{"allow":["GET"]}}],"collection":[{"href":"https:\/\/jobwinner.ai\/es\/wp-json\/wp\/v2\/pages"}],"about":[{"href":"https:\/\/jobwinner.ai\/es\/wp-json\/wp\/v2\/types\/page"}],"author":[{"embeddable":true,"href":"https:\/\/jobwinner.ai\/es\/wp-json\/wp\/v2\/users\/3"}],"replies":[{"embeddable":true,"href":"https:\/\/jobwinner.ai\/es\/wp-json\/wp\/v2\/comments?post=826"}],"version-history":[{"count":0,"href":"https:\/\/jobwinner.ai\/es\/wp-json\/wp\/v2\/pages\/826\/revisions"}],"wp:attachment":[{"href":"https:\/\/jobwinner.ai\/es\/wp-json\/wp\/v2\/media?parent=826"}],"wp:term":[{"taxonomy":"wf_page_folders","embeddable":true,"href":"https:\/\/jobwinner.ai\/es\/wp-json\/wp\/v2\/wf_page_folders?post=826"}],"curies":[{"name":"wp","href":"https:\/\/api.w.org\/{rel}","templated":true}]}}