{"id":3,"date":"2025-04-10T11:51:23","date_gmt":"2025-04-10T11:51:23","guid":{"rendered":"https:\/\/wp.jobwinner.ai\/?page_id=3"},"modified":"2025-11-19T08:10:03","modified_gmt":"2025-11-19T07:10:03","slug":"politica-de-privacidad","status":"publish","type":"page","link":"https:\/\/jobwinner.ai\/es\/politica-de-privacidad\/","title":{"rendered":"Pol\u00edtica de privacidad"},"content":{"rendered":"<div data-elementor-type=\"wp-page\" data-elementor-id=\"3\" class=\"elementor elementor-3\" data-elementor-post-type=\"page\">\n\t\t\t\t<div class=\"elementor-element elementor-element-472a5240 e-flex e-con-boxed e-con e-parent\" data-id=\"472a5240\" data-element_type=\"container\" data-e-type=\"container\">\n\t\t\t\t\t<div class=\"e-con-inner\">\n\t\t\t\t<div class=\"elementor-element elementor-element-a8c444e elementor-widget elementor-widget-heading\" data-id=\"a8c444e\" data-element_type=\"widget\" data-e-type=\"widget\" data-widget_type=\"heading.default\">\n\t\t\t\t\t<h2 class=\"elementor-heading-title elementor-size-default\">Pol\u00edtica de privacidad<\/h2>\t\t\t\t<\/div>\n\t\t\t\t<div class=\"elementor-element elementor-element-920eb32 elementor-widget elementor-widget-text-editor\" data-id=\"920eb32\" data-element_type=\"widget\" data-e-type=\"widget\" data-widget_type=\"text-editor.default\">\n\t\t\t\t\t\t\t\t\t<p><\/p>\n<div>\n<h2 data-start=\"703\" data-end=\"722\"><strong data-start=\"706\" data-end=\"722\">Introducci\u00f3n<\/strong><\/h2>\n<p data-start=\"724\" data-end=\"972\">JobWinner (\u201cnosotros\u201d, \u201cnuestro\u201d o \u201cnos\u201d) se compromete a proteger la privacidad de nuestros usuarios.<br data-start=\"809\" data-end=\"812\">Esta Pol\u00edtica de privacidad explica c\u00f3mo recopilamos, usamos, compartimos y protegemos la informaci\u00f3n personal cuando accede a nuestro sitio web (<a class=\"decorated-link\" href=\"https:\/\/jobwinner.ai\/es\/\" target=\"_new\" rel=\"noopener\" data-start=\"931\" data-end=\"947\">www.jobwinner.ai<\/a>) o aplicaciones m\u00f3viles.<\/p>\n<p data-start=\"974\" data-end=\"1061\"><strong data-start=\"974\" data-end=\"1061\">Si accede a JobWinner a trav\u00e9s de una organizaci\u00f3n, un <a href=\"https:\/\/jobwinner.ai\/es\/organizaciones-de-politicas-de-privacidad\/\">Se aplica una pol\u00edtica de privacidad separada<\/a>.<\/strong><\/p>\n<p data-start=\"1063\" data-end=\"1148\">Al utilizar nuestros servicios, usted reconoce y acepta los t\u00e9rminos de esta Pol\u00edtica de privacidad.<\/p>\n<h2 data-start=\"1155\" data-end=\"1190\">&nbsp;<\/h2>\n<h2 data-start=\"1155\" data-end=\"1190\"><strong data-start=\"1158\" data-end=\"1190\">Alcance de esta Pol\u00edtica de Privacidad<\/strong><\/h2>\n<p data-start=\"1192\" data-end=\"1229\">Esta Pol\u00edtica se aplica a todos los usuarios que:<\/p>\n<p data-start=\"1231\" data-end=\"1500\">\u25cf Acceda a JobWinner directamente a trav\u00e9s de <a class=\"decorated-link\" href=\"https:\/\/jobwinner.ai\/es\/\" target=\"_new\" rel=\"noopener\" data-start=\"1263\" data-end=\"1279\">www.jobwinner.ai<\/a> o cualquier subdominio operado por nosotros.<br data-start=\"1312\" data-end=\"1315\">\u25cf Interact\u00fae con nosotros a trav\u00e9s de atenci\u00f3n al cliente, comunicaciones por correo electr\u00f3nico o actividades de marketing.<br data-start=\"1406\" data-end=\"1409\">\u25cf Reciba recomendaciones personalizadas, herramientas relacionadas con el trabajo u ofertas de cursos de JobWinner.<\/p>\n<p data-start=\"1502\" data-end=\"1570\">Esta Pol\u00edtica debe leerse junto con nuestros T\u00e9rminos de Servicio.<\/p>\n<h2 data-start=\"1577\" data-end=\"1609\">&nbsp;<\/h2>\n<h2 data-start=\"1577\" data-end=\"1609\"><strong data-start=\"1580\" data-end=\"1609\">1. Informaci\u00f3n que Recopilamos<\/strong><\/h2>\n<p data-start=\"1611\" data-end=\"1774\">Recopilamos y procesamos las siguientes categor\u00edas de datos personales. Estos datos pueden recopilarse directamente de usted o autom\u00e1ticamente cuando interact\u00faa con nuestra plataforma.<\/p>\n<h3 data-start=\"1776\" data-end=\"1817\"><strong data-start=\"1780\" data-end=\"1817\">a) Informaci\u00f3n de cuenta e identidad<\/strong><\/h3>\n<p data-start=\"1819\" data-end=\"1982\">\u25cf Nombre, apellidos, direcci\u00f3n de correo electr\u00f3nico, contrase\u00f1a.<br data-start=\"1860\" data-end=\"1863\">\u25cf Detalles del perfil proporcionados durante la configuraci\u00f3n de la cuenta, como objetivos profesionales, industrias preferidas o preferencias de b\u00fasqueda de empleo.<\/p>\n<h3 data-start=\"1984\" data-end=\"2014\"><strong data-start=\"1988\" data-end=\"2014\">b) Contenido que usted proporciona<\/strong><\/h3>\n<p data-start=\"2016\" data-end=\"2216\">\u25cf CV, cartas de presentaci\u00f3n, descripciones de trabajo, respuestas de pr\u00e1ctica de entrevistas y cualquier otro documento o informaci\u00f3n que cargue.<br data-start=\"2134\" data-end=\"2137\">\u25cf Comentarios, solicitudes de soporte, respuestas a encuestas o comunicaci\u00f3n con nuestro equipo.<\/p>\n<h3 data-start=\"2218\" data-end=\"2253\"><strong data-start=\"2222\" data-end=\"2253\">c) Datos de interacci\u00f3n y uso<\/strong><\/h3>\n<p data-start=\"2255\" data-end=\"2596\">\u25cf Registros de c\u00f3mo utiliza la plataforma: inicios de sesi\u00f3n, tiempos de sesi\u00f3n, funciones a las que accedi\u00f3 (por ejemplo, personalizaci\u00f3n de CV, preparaci\u00f3n de entrevistas), frecuencia de uso y seguimiento del progreso.<br data-start=\"2420\" data-end=\"2423\">\u25cf Registros del recorrido del usuario (por ejemplo, c\u00f3mo navega dentro de la aplicaci\u00f3n, qu\u00e9 herramientas utiliza con m\u00e1s frecuencia y resultados de la interacci\u00f3n).<br data-start=\"2540\" data-end=\"2543\">\u25cf Estos datos son visibles para los administradores de JobWinner.<\/p>\n<h3 data-start=\"2598\" data-end=\"2632\"><strong data-start=\"2602\" data-end=\"2632\">d) Datos t\u00e9cnicos y del dispositivo<\/strong><\/h3>\n<p data-start=\"2634\" data-end=\"2837\">\u25cf Direcci\u00f3n IP, tipo de navegador, sistema operativo, identificadores de dispositivo, datos de ubicaci\u00f3n (si est\u00e1n habilitados) y cookies.<br data-start=\"2740\" data-end=\"2743\">\u25cf Registros de errores, datos de rendimiento y marcas de tiempo de conexi\u00f3n para ayudarnos a mantener la calidad del servicio.<\/p>\n<h3 data-start=\"2839\" data-end=\"2881\"><strong data-start=\"2843\" data-end=\"2881\">e) Datos de marketing y comunicaciones<\/strong><\/h3>\n<p data-start=\"2883\" data-end=\"3022\">\u25cf Tus preferencias para recibir correos electr\u00f3nicos, notificaciones u ofertas personalizadas.<br data-start=\"2962\" data-end=\"2965\">\u25cf Registros de las ofertas o campa\u00f1as con las que interact\u00faas.<\/p>\n<h2 data-start=\"3029\" data-end=\"3066\">&nbsp;<\/h2>\n<h2 data-start=\"3029\" data-end=\"3066\"><strong data-start=\"3032\" data-end=\"3066\">2. C\u00f3mo Usamos tu Informaci\u00f3n<\/strong><\/h2>\n<h3 data-start=\"3068\" data-end=\"3111\"><strong data-start=\"3072\" data-end=\"3111\">a) Prestaci\u00f3n de servicios y funcionalidad<\/strong><\/h3>\n<p data-start=\"3113\" data-end=\"3415\">\u25cf Para crear y administrar su cuenta.<br data-start=\"3149\" data-end=\"3152\">\u25cf Para brindarle nuestras herramientas de b\u00fasqueda de empleo y desarrollo profesional (adaptaci\u00f3n de CV, generaci\u00f3n de cartas de presentaci\u00f3n, preparaci\u00f3n para entrevistas, an\u00e1lisis de compatibilidad laboral, etc.).<br data-start=\"3295\" data-end=\"3298\">\u25cf Para personalizar su experiencia de usuario.<br data-start=\"3336\" data-end=\"3339\">\u25cf Garantizar el correcto funcionamiento, estabilidad y seguridad de la plataforma.<\/p>\n<h3 data-start=\"3417\" data-end=\"3444\"><strong data-start=\"3421\" data-end=\"3444\">b) Atenci\u00f3n al cliente<\/strong><\/h3>\n<p data-start=\"3446\" data-end=\"3588\">\u25cf Para responder a sus consultas, solicitudes y problemas t\u00e9cnicos.<br data-start=\"3509\" data-end=\"3512\">\u25cf Proporcionar resoluci\u00f3n de problemas, manejo de retroalimentaci\u00f3n y resoluci\u00f3n de problemas.<\/p>\n<h3 data-start=\"3590\" data-end=\"3634\"><strong data-start=\"3594\" data-end=\"3634\">c) An\u00e1lisis y mejoras de la plataforma<\/strong><\/h3>\n<p data-start=\"3636\" data-end=\"3818\">\u25cf Para monitorear patrones de uso, identificar caracter\u00edsticas populares y optimizar la experiencia del usuario.<br data-start=\"3721\" data-end=\"3724\">\u25cf Realizar investigaciones internas que nos ayuden a mejorar la eficiencia del servicio y desarrollar nuevas herramientas.<\/p>\n<h3 data-start=\"3820\" data-end=\"3858\"><strong data-start=\"3824\" data-end=\"3858\">d) Cumplimiento legal y seguridad<\/strong><\/h3>\n<p data-start=\"3860\" data-end=\"3970\">\u25cf Cumplir con las leyes, regulaciones y procesos legales.<br data-start=\"3916\" data-end=\"3919\">\u25cf Para evitar fraude, mal uso o acceso no autorizado.<\/p>\n<h2 data-start=\"3977\" data-end=\"4018\">&nbsp;<\/h2>\n<h2 data-start=\"3977\" data-end=\"4018\"><strong data-start=\"3980\" data-end=\"4018\">3. Marketing y ofertas personalizadas<\/strong><\/h2>\n<p data-start=\"4020\" data-end=\"4085\">Al aceptar esta Pol\u00edtica de privacidad, usted reconoce y acepta que:<\/p>\n<p data-start=\"4087\" data-end=\"4792\">\u25cf JobWinner puede utilizar sus datos (como sus objetivos profesionales, CV cargados, solicitudes de empleo y patrones de interacci\u00f3n de la aplicaci\u00f3n) para crear y enviarle ofertas personalizadas de cursos, programas y servicios relacionados.<br data-start=\"4293\" data-end=\"4296\">\u25cf Estas ofertas pueden incluir, entre otras, cursos en l\u00ednea, programas de capacitaci\u00f3n profesional, talleres, certificaciones y oportunidades de desarrollo profesional.<br data-start=\"4460\" data-end=\"4463\">\u25cf Las ofertas pueden enviarse por correo electr\u00f3nico, notificaciones en la aplicaci\u00f3n u otros canales de comunicaci\u00f3n.<br data-start=\"4554\" data-end=\"4557\">\u25cf Puede darse de baja de estas comunicaciones en cualquier momento siguiendo las instrucciones proporcionadas en los correos electr\u00f3nicos o actualizando sus preferencias en la configuraci\u00f3n de su cuenta.<br data-start=\"4727\" data-end=\"4730\">\u25cf La exclusi\u00f3n voluntaria no afectar\u00e1 su capacidad de utilizar la plataforma.<\/p>\n<h2 data-start=\"4799\" data-end=\"4819\">&nbsp;<\/h2>\n<h2 data-start=\"4799\" data-end=\"4819\"><strong data-start=\"4802\" data-end=\"4819\">4. Roles de datos<\/strong><\/h2>\n<p data-start=\"4821\" data-end=\"4906\">JobWinner es el Responsable del Tratamiento de Datos de todo el tratamiento realizado a trav\u00e9s de la plataforma.<\/p>\n<p data-start=\"4908\" data-end=\"5112\">No existen controladores conjuntos ni escenarios de intercambio de datos institucionales cubiertos por esta Pol\u00edtica de privacidad.<br data-start=\"5013\" data-end=\"5016\">Los usuarios que acceden a JobWinner a trav\u00e9s de una organizaci\u00f3n se rigen por una <a href=\"https:\/\/jobwinner.ai\/es\/organizaciones-de-politicas-de-privacidad\/\"><strong data-start=\"5084\" data-end=\"5096\">separado<\/strong> pol\u00edtica de privacidad<\/a>.<\/p>\n<h2 data-start=\"5119\" data-end=\"5155\">&nbsp;<\/h2>\n<h2 data-start=\"5119\" data-end=\"5155\"><strong data-start=\"5122\" data-end=\"5155\">5. Base legal para el tratamiento<\/strong><\/h2>\n<p data-start=\"5157\" data-end=\"5229\">Nos basamos en las siguientes bases legales al procesar sus datos personales:<\/p>\n<p data-start=\"5231\" data-end=\"5674\">\u25cf <strong data-start=\"5233\" data-end=\"5264\">Consentimiento (art. 6(1)(a) del RGPD)<\/strong> \u2013 Cuando aceptas recibir comunicaciones de marketing, ofertas personalizadas o cargar datos voluntariamente.<br data-start=\"5367\" data-end=\"5370\">\u25cf <strong data-start=\"5372\" data-end=\"5417\">Necesidad contractual (art. 6(1)(b) del RGPD)<\/strong> \u2013 Para prestarle los servicios que usted solicita.<br data-start=\"5456\" data-end=\"5459\">\u25cf <strong data-start=\"5461\" data-end=\"5505\">Intereses leg\u00edtimos (art. 6(1)(f) del RGPD)<\/strong> \u2013 Para mantener la seguridad de la plataforma, prevenir abusos, mejorar los servicios y realizar an\u00e1lisis.<br data-start=\"5594\" data-end=\"5597\">\u25cf <strong data-start=\"5599\" data-end=\"5640\">Obligaciones legales (art. 6(1)(c) RGPD)<\/strong> \u2013 Cumplir con las leyes aplicables.<\/p>\n<p data-start=\"5676\" data-end=\"5764\">Para los usuarios de California, cumplimos con la CCPA. JobWinner no vende datos personales.<\/p>\n<h2 data-start=\"5771\" data-end=\"5795\">&nbsp;<\/h2>\n<h2 data-start=\"5771\" data-end=\"5795\"><strong data-start=\"5774\" data-end=\"5795\">6. Retenci\u00f3n de datos<\/strong><\/h2>\n<p data-start=\"5797\" data-end=\"5911\">Conservamos datos personales solo durante el tiempo que sea necesario para los fines descritos en esta Pol\u00edtica de privacidad, incluidos:<\/p>\n<p data-start=\"5913\" data-end=\"6087\">\u25cf Brindarle servicios durante su suscripci\u00f3n activa o el uso de su cuenta.<br data-start=\"5988\" data-end=\"5991\">\u25cf Cumplir con obligaciones legales y contractuales.<br data-start=\"6038\" data-end=\"6041\">\u25cf Resoluci\u00f3n de disputas y cumplimiento de acuerdos.<\/p>\n<p data-start=\"6089\" data-end=\"6162\">Cuando los datos ya no sean necesarios, se eliminar\u00e1n de forma segura o se anonimizar\u00e1n.<\/p>\n<p data-start=\"6164\" data-end=\"6325\">Si solicita la eliminaci\u00f3n de su cuenta, su informaci\u00f3n personal se borrar\u00e1 dentro de un per\u00edodo razonable, a menos que las obligaciones legales requieran una mayor retenci\u00f3n.<\/p>\n<h2 data-start=\"428\" data-end=\"467\">&nbsp;<\/h2>\n<h2 data-start=\"428\" data-end=\"467\"><strong data-start=\"431\" data-end=\"467\">7. Proveedores de servicios externos<\/strong><\/h2>\n<p data-start=\"469\" data-end=\"743\">Trabajamos con empresas y personas externas de confianza (\u00abProveedores de Servicios\u00bb) para facilitar, respaldar y mejorar nuestros servicios. Estos Proveedores de Servicios realizan funciones como an\u00e1lisis, autenticaci\u00f3n, alojamiento, procesamiento de pagos, comunicaciones y resultados basados en IA.<\/p>\n<p data-start=\"745\" data-end=\"985\">Los proveedores de servicios podr\u00e1n acceder a sus datos personales \u00fanicamente para realizar estas tareas en nuestro nombre. Est\u00e1n obligados contractualmente a no utilizar ni divulgar sus datos para ning\u00fan otro fin y deben cumplir con la legislaci\u00f3n aplicable en materia de protecci\u00f3n de datos.<\/p>\n<p data-start=\"987\" data-end=\"1025\">Nuestros proveedores de servicios actuales incluyen:<\/p>\n<p data-start=\"1027\" data-end=\"1731\">\u25cf Google: para an\u00e1lisis (Google Analytics, Google Tag Manager), autenticaci\u00f3n (inicio de sesi\u00f3n de Google) y seguimiento del comportamiento.<br data-start=\"1150\" data-end=\"1153\">\u25cf Stripe: para la facturaci\u00f3n de suscripciones y el procesamiento de pagos seguros.<br data-start=\"1219\" data-end=\"1222\">\u25cf Firebase \u2013 Para autenticaci\u00f3n, administraci\u00f3n de bases de datos, alojamiento e infraestructura de c\u00f3digo (proporcionada por Google).<br data-start=\"1330\" data-end=\"1333\">\u25cf Brevo (antes Sendinblue) \u2013 Para alojamiento de correo electr\u00f3nico y env\u00edo de comunicaciones.<br data-start=\"1410\" data-end=\"1413\">\u25cf Hotjar: para an\u00e1lisis del comportamiento del usuario y mejora del producto.<br data-start=\"1477\" data-end=\"1480\">\u25cf Cookiebot (de Usercentrics) \u2013 Para la gesti\u00f3n del consentimiento de cookies.<br data-start=\"1542\" data-end=\"1545\">\u25cf OpenAI \u2013 Para generar resultados personalizados (por ejemplo, curr\u00edculums, cartas de presentaci\u00f3n) basados en la informaci\u00f3n proporcionada por el usuario.<br data-start=\"1654\" data-end=\"1657\">\u25cf Facebook (Meta): para autenticaci\u00f3n a trav\u00e9s de la funcionalidad de inicio de sesi\u00f3n social.<\/p>\n<p data-start=\"1733\" data-end=\"2004\">Nos aseguramos de que todos nuestros proveedores de servicios gestionen sus datos de forma responsable y conforme a las normativas de privacidad, como el RGPD y la CCPA. Para m\u00e1s informaci\u00f3n sobre c\u00f3mo estos proveedores procesan sus datos, consulte sus pol\u00edticas de privacidad individuales en los enlaces anteriores.<\/p>\n<h2 data-start=\"2011\" data-end=\"2034\">&nbsp;<\/h2>\n<h2 data-start=\"2011\" data-end=\"2034\"><strong data-start=\"2014\" data-end=\"2034\">8. Seguridad de los datos<\/strong><\/h2>\n<p data-start=\"2036\" data-end=\"2109\">Nos tomamos muy en serio la protecci\u00f3n de sus datos personales. Nuestras medidas incluyen:<\/p>\n<p data-start=\"2111\" data-end=\"2350\">\u25cf Cifrado de datos en tr\u00e1nsito y en reposo.<br data-start=\"2155\" data-end=\"2158\">\u25cf Controles de acceso basados en roles para restringir qui\u00e9n puede ver sus datos.<br data-start=\"2222\" data-end=\"2225\">\u25cf Sistemas de monitoreo para detectar accesos no autorizados o actividades inusuales.<br data-start=\"2296\" data-end=\"2299\">\u25cf Auditor\u00edas peri\u00f3dicas y actualizaciones de las pr\u00e1cticas de seguridad.<\/p>\n<h2 data-start=\"2357\" data-end=\"2395\">&nbsp;<\/h2>\n<h2 data-start=\"2357\" data-end=\"2395\"><strong data-start=\"2360\" data-end=\"2395\">9. Transferencias internacionales de datos<\/strong><\/h2>\n<p data-start=\"2397\" data-end=\"2545\">La plataforma est\u00e1 alojada en la Uni\u00f3n Europea. En caso de que se transfieran datos fuera de la UE, se aplicar\u00e1n las salvaguardias adecuadas, tales como:<\/p>\n<p data-start=\"2547\" data-end=\"2689\">\u25cf Decisiones de adecuaci\u00f3n de la Comisi\u00f3n Europea<br data-start=\"2594\" data-end=\"2597\">\u25cf Cl\u00e1usulas contractuales est\u00e1ndar (CCE)<br data-start=\"2634\" data-end=\"2637\">\u25cf Medidas t\u00e9cnicas y organizativas adicionales<\/p>\n<p data-start=\"2691\" data-end=\"2755\">Esto garantiza que sus datos permanezcan protegidos independientemente de la ubicaci\u00f3n.<\/p>\n<h2 data-start=\"2762\" data-end=\"2784\">&nbsp;<\/h2>\n<h2 data-start=\"2762\" data-end=\"2784\"><strong data-start=\"2765\" data-end=\"2784\">10. Sus derechos<\/strong><\/h2>\n<p data-start=\"2786\" data-end=\"2881\">Dependiendo de su jurisdicci\u00f3n, usted puede tener los siguientes derechos con respecto a sus datos personales:<\/p>\n<p data-start=\"2883\" data-end=\"3523\">\u25cf Derecho de Acceso: Para obtener confirmaci\u00f3n y una copia de sus datos personales.<br data-start=\"2958\" data-end=\"2961\">\u25cf Derecho de Rectificaci\u00f3n: Para corregir datos inexactos o incompletos.<br data-start=\"3028\" data-end=\"3031\">\u25cf Derecho de supresi\u00f3n (\u201cDerecho al olvido\u201d): Para solicitar la eliminaci\u00f3n de sus datos personales, sujeto a las excepciones legales.<br data-start=\"3148\" data-end=\"3151\">\u25cf Derecho a restringir el procesamiento: para limitar c\u00f3mo se utilizan sus datos en determinadas situaciones.<br data-start=\"3236\" data-end=\"3239\">\u25cf Derecho a la Portabilidad de Datos: Recibir sus datos en un formato estructurado y legible por m\u00e1quina.<br data-start=\"3330\" data-end=\"3333\">\u25cf Derecho de oposici\u00f3n: Oponerse a determinados tratamientos, incluida la comercializaci\u00f3n.<br data-start=\"3405\" data-end=\"3408\">\u25cf Derecho a Retirar el Consentimiento: Retirar el consentimiento en cualquier momento, sin que ello afecte a la licitud del tratamiento previo.<\/p>\n<p data-start=\"3525\" data-end=\"3587\">Para ejercer estos derechos, cont\u00e1ctenos en: <a class=\"decorated-link\" href=\"mailto:support@jobwinner.ai\" rel=\"noopener\" data-start=\"3566\" data-end=\"3586\">support@jobwinner.ai<\/a>.<\/p>\n<h2 data-start=\"3594\" data-end=\"3636\">&nbsp;<\/h2>\n<h2 data-start=\"3594\" data-end=\"3636\"><strong data-start=\"3597\" data-end=\"3636\">11. Cookies y tecnolog\u00edas de seguimiento<\/strong><\/h2>\n<p data-start=\"3638\" data-end=\"3699\">Utilizamos cookies y tecnolog\u00edas similares para fines como:<\/p>\n<p data-start=\"3701\" data-end=\"3920\">\u25cf Autenticaci\u00f3n y mantenimiento de su sesi\u00f3n.<br data-start=\"3747\" data-end=\"3750\">\u25cf An\u00e1lisis para comprender c\u00f3mo interact\u00faan los usuarios con la plataforma.<br data-start=\"3813\" data-end=\"3816\">\u25cf Mejorar el rendimiento y la seguridad del sitio web.<br data-start=\"3861\" data-end=\"3864\">\u25cf Ofrecer recomendaciones y ofertas de cursos relevantes.<\/p>\n<p data-start=\"3922\" data-end=\"4055\">Puede administrar sus preferencias de cookies a trav\u00e9s de la configuraci\u00f3n de su navegador. Deshabilitar las cookies puede afectar la funcionalidad de ciertas funciones.<\/p>\n<h2 data-start=\"4062\" data-end=\"4091\">&nbsp;<\/h2>\n<h2 data-start=\"4062\" data-end=\"4091\"><strong data-start=\"4065\" data-end=\"4091\">12. Privacidad de los ni\u00f1os<\/strong><\/h2>\n<p data-start=\"4093\" data-end=\"4262\">Nuestros servicios no est\u00e1n destinados a personas menores de 16 a\u00f1os. Si descubrimos que hemos recopilado datos personales de un ni\u00f1o menor de 16 a\u00f1os, los eliminaremos de inmediato.<\/p>\n<h2 data-start=\"4269\" data-end=\"4310\">&nbsp;<\/h2>\n<h2 data-start=\"4269\" data-end=\"4310\"><strong data-start=\"4272\" data-end=\"4310\">13. Cambios a esta Pol\u00edtica de Privacidad<\/strong><\/h2>\n<p data-start=\"4312\" data-end=\"4447\">Es posible que actualicemos esta Pol\u00edtica de privacidad de vez en cuando para reflejar cambios en nuestras pr\u00e1cticas, requisitos legales o desarrollos t\u00e9cnicos.<\/p>\n<p data-start=\"4449\" data-end=\"4642\">\u25cf Los cambios materiales se comunicar\u00e1n a los usuarios mediante correo electr\u00f3nico o notificaciones de la plataforma.<br data-start=\"4534\" data-end=\"4537\">\u25cf La \u201cFecha de vigencia\u201d en la parte superior de este documento siempre indicar\u00e1 cu\u00e1ndo se actualiz\u00f3 la Pol\u00edtica por \u00faltima vez.<\/p>\n<h2 data-start=\"4649\" data-end=\"4670\">&nbsp;<\/h2>\n<h2 data-start=\"4649\" data-end=\"4670\"><strong data-start=\"4652\" data-end=\"4670\">14. Cont\u00e1ctenos<\/strong><\/h2>\n<p data-start=\"4672\" data-end=\"4790\">Si tiene preguntas, inquietudes o quejas sobre esta Pol\u00edtica de privacidad o nuestras pr\u00e1cticas de datos, puede comunicarse con nosotros a:<\/p>\n<p data-start=\"6164\" data-end=\"6325\">\n<\/p><p data-start=\"4792\" data-end=\"4859\">JobWinner<br data-start=\"4801\" data-end=\"4804\">Correo electr\u00f3nico: soporte<a class=\"decorated-link cursor-pointer\" rel=\"noopener\" data-start=\"4811\" data-end=\"4831\">@jobwinner.ai<\/a><br data-start=\"4831\" data-end=\"4834\">Sitio web: <a class=\"decorated-link\" href=\"https:\/\/jobwinner.ai\/es\/\" target=\"_new\" rel=\"noopener\" data-start=\"4843\" data-end=\"4859\">www.jobwinner.ai<\/a><\/p>\n<\/div>\n<div>\n<div>&nbsp;<\/div>\n<\/div>\t\t\t\t\t\t\t\t<\/div>\n\t\t\t\t\t<\/div>\n\t\t\t\t<\/div>\n\t\t\t\t<\/div>","protected":false},"excerpt":{"rendered":"<p>Privacy Policy Introduction JobWinner (\u201cwe,\u201d \u201cour,\u201d or \u201cus\u201d) is committed to protecting the privacy of our users.This Privacy Policy explains how we collect, use, share, and protect personal information when you access our website (www.jobwinner.ai) or mobile applications. If you access JobWinner through an organization, a separate privacy policy applies. By using our services, you [&hellip;]<\/p>\n","protected":false},"author":1,"featured_media":0,"parent":0,"menu_order":0,"comment_status":"closed","ping_status":"open","template":"","meta":{"footnotes":""},"wf_page_folders":[26],"class_list":["post-3","page","type-page","status-publish","hentry"],"_links":{"self":[{"href":"https:\/\/jobwinner.ai\/es\/wp-json\/wp\/v2\/pages\/3","targetHints":{"allow":["GET"]}}],"collection":[{"href":"https:\/\/jobwinner.ai\/es\/wp-json\/wp\/v2\/pages"}],"about":[{"href":"https:\/\/jobwinner.ai\/es\/wp-json\/wp\/v2\/types\/page"}],"author":[{"embeddable":true,"href":"https:\/\/jobwinner.ai\/es\/wp-json\/wp\/v2\/users\/1"}],"replies":[{"embeddable":true,"href":"https:\/\/jobwinner.ai\/es\/wp-json\/wp\/v2\/comments?post=3"}],"version-history":[{"count":0,"href":"https:\/\/jobwinner.ai\/es\/wp-json\/wp\/v2\/pages\/3\/revisions"}],"wp:attachment":[{"href":"https:\/\/jobwinner.ai\/es\/wp-json\/wp\/v2\/media?parent=3"}],"wp:term":[{"taxonomy":"wf_page_folders","embeddable":true,"href":"https:\/\/jobwinner.ai\/es\/wp-json\/wp\/v2\/wf_page_folders?post=3"}],"curies":[{"name":"wp","href":"https:\/\/api.w.org\/{rel}","templated":true}]}}