{"id":1208,"date":"2025-05-13T17:37:59","date_gmt":"2025-05-13T15:37:59","guid":{"rendered":"https:\/\/wp.jobwinner.ai\/?page_id=1208"},"modified":"2025-11-20T02:58:18","modified_gmt":"2025-11-20T01:58:18","slug":"politica-de-cookies","status":"publish","type":"page","link":"https:\/\/jobwinner.ai\/es\/politica-de-cookies\/","title":{"rendered":"Pol\u00edtica de cookies"},"content":{"rendered":"<div data-elementor-type=\"wp-page\" data-elementor-id=\"1208\" class=\"elementor elementor-1208\" data-elementor-post-type=\"page\">\n\t\t\t\t<div class=\"elementor-element elementor-element-9e31e94 e-flex e-con-boxed e-con e-parent\" data-id=\"9e31e94\" data-element_type=\"container\" data-e-type=\"container\">\n\t\t\t\t\t<div class=\"e-con-inner\">\n\t\t\t\t<div class=\"elementor-element elementor-element-a2c0d31 elementor-widget elementor-widget-heading\" data-id=\"a2c0d31\" data-element_type=\"widget\" data-e-type=\"widget\" data-widget_type=\"heading.default\">\n\t\t\t\t\t<h2 class=\"elementor-heading-title elementor-size-default\">Pol\u00edtica de Cookies<\/h2>\t\t\t\t<\/div>\n\t\t\t\t<div class=\"elementor-element elementor-element-2d1f722 elementor-widget elementor-widget-text-editor\" data-id=\"2d1f722\" data-element_type=\"widget\" data-e-type=\"widget\" data-widget_type=\"text-editor.default\">\n\t\t\t\t\t\t\t\t\t<h1 data-start=\"298\" data-end=\"319\"><strong data-start=\"320\" data-end=\"354\" style=\"font-size: 1rem;\">\u00daltima actualizaci\u00f3n: 30 de octubre de 2024<\/strong><\/h1>\n<h2 data-start=\"356\" data-end=\"376\">1. Introducci\u00f3n<\/h2>\n<p data-start=\"377\" data-end=\"563\">Esta Pol\u00edtica de cookies explica c\u00f3mo JobWinner (<a href=\"https:\/\/jobwinner.ai\/es\/\" target=\"_new\" rel=\"noopener\" data-start=\"420\" data-end=\"436\">www.jobwinner.ai<\/a>) utiliza cookies y tecnolog\u00edas similares. Nuestro objetivo es ofrecer transparencia y cumplir con el RGPD y otras leyes de protecci\u00f3n de datos.<\/p>\n<p data-start=\"565\" data-end=\"751\">Para los usuarios que acceden a JobWinner a trav\u00e9s de una organizaci\u00f3n, no utilizamos cookies de an\u00e1lisis, marketing ni preferencias. Solo se configuran las cookies estrictamente necesarias para la seguridad y la funcionalidad b\u00e1sica.<\/p>\n<h2 data-start=\"758\" data-end=\"783\">2. \u00bfQu\u00e9 son las cookies?<\/h2>\n<p data-start=\"784\" data-end=\"1060\">Las cookies son peque\u00f1os archivos de texto que se almacenan en su dispositivo para garantizar el correcto funcionamiento del sitio web, recordar ciertas preferencias y ayudarnos a comprender c\u00f3mo interact\u00faan los visitantes con el sitio. Algunas son temporales (cookies de sesi\u00f3n) y otras permanecen durante un periodo definido (cookies persistentes).<\/p>\n<p data-start=\"784\" data-end=\"1060\">Tambi\u00e9n podemos utilizar tecnolog\u00edas similares, como almacenamiento local, p\u00edxeles de seguimiento o scripts, con fines de seguridad y an\u00e1lisis. Estas funcionan de forma similar a las cookies y siguen las mismas normas de consentimiento.<\/p>\n<h2 data-start=\"1067\" data-end=\"1093\">3. C\u00f3mo utilizamos las cookies<\/h2>\n<p data-start=\"1094\" data-end=\"1117\">Utilizamos cuatro categor\u00edas:<\/p>\n<ul data-start=\"1119\" data-end=\"1583\">\n<li data-start=\"1119\" data-end=\"1226\">\n<p data-start=\"1121\" data-end=\"1226\"><strong data-start=\"1121\" data-end=\"1143\">Estrictamente necesario<\/strong> \u2013 Necesario para el funcionamiento del sitio (seguridad, gesti\u00f3n de carga, consentimiento de cookies).<\/p>\n<\/li>\n<li data-start=\"1227\" data-end=\"1322\">\n<p data-start=\"1229\" data-end=\"1322\"><strong data-start=\"1229\" data-end=\"1260\">Preferencias \/ Funcionalidad<\/strong> \u2013 Recordar tus elecciones para mejorar la experiencia de navegaci\u00f3n.<\/p>\n<\/li>\n<li data-start=\"1323\" data-end=\"1433\">\n<p data-start=\"1325\" data-end=\"1433\"><strong data-start=\"1325\" data-end=\"1351\">An\u00e1lisis \/ Estad\u00edsticas<\/strong> \u2013 Ay\u00fadanos a comprender c\u00f3mo los usuarios navegan por el sitio para que podamos mejorar el rendimiento.<\/p>\n<\/li>\n<li data-start=\"1434\" data-end=\"1583\">\n<p data-start=\"1436\" data-end=\"1583\"><strong data-start=\"1436\" data-end=\"1461\">Marketing \/ Segmentaci\u00f3n<\/strong> \u2013 Utilizado por plataformas publicitarias para medir o personalizar anuncios.<br data-start=\"1524\" data-end=\"1527\"><strong data-start=\"1529\" data-end=\"1583\">Estos nunca se utilizan para usuarios basados en la organizaci\u00f3n.<\/strong><\/p>\n<\/li>\n<\/ul>\n<p data-start=\"1585\" data-end=\"1671\">Las cookies no esenciales se activan solo despu\u00e9s de que usted proporcione su consentimiento a trav\u00e9s de nuestro banner.<\/p>\n<h2 data-start=\"1678\" data-end=\"1702\">4. Proveedores de cookies<\/h2>\n<p data-start=\"1703\" data-end=\"1901\">A continuaci\u00f3n se muestra una lista compacta de los proveedores cuyas cookies pueden configurarse. <a href=\"https:\/\/jobwinner.ai\/es\/\" target=\"_new\" rel=\"noopener\" data-start=\"1772\" data-end=\"1788\">www.jobwinner.ai<\/a>.<\/p>\n<p data-start=\"1703\" data-end=\"1901\">El consentimiento se gestiona mediante Cookiebot (Usercentrics), que registra y almacena tus preferencias de forma segura. La lista completa y detallada (nombres, duraciones, ID t\u00e9cnicos) siempre aparece en el panel de consentimiento de Cookiebot. Aqu\u00ed tienes un resumen.<\/p>\n<div>\n<div tabindex=\"-1\">\n<table data-start=\"1903\" data-end=\"2348\">\n<thead data-start=\"1903\" data-end=\"1927\">\n<tr data-start=\"1903\" data-end=\"1927\">\n<th data-start=\"1903\" data-end=\"1914\" data-col-size=\"sm\">Categor\u00eda<\/th>\n<th data-start=\"1914\" data-end=\"1927\" data-col-size=\"md\">Proveedores<\/th>\n<\/tr>\n<\/thead>\n<tbody data-start=\"1953\" data-end=\"2348\">\n<tr data-start=\"1953\" data-end=\"2018\">\n<td data-start=\"1953\" data-end=\"1978\" data-col-size=\"sm\"><strong data-start=\"1955\" data-end=\"1977\">Estrictamente necesario<\/strong><\/td>\n<td data-col-size=\"md\" data-start=\"1978\" data-end=\"2018\">Cookiebot (centrado en el usuario)<\/td>\n<\/tr>\n<tr data-start=\"2019\" data-end=\"2094\">\n<td data-start=\"2019\" data-end=\"2053\" data-col-size=\"sm\"><strong data-start=\"2021\" data-end=\"2052\">Preferencias \/ Funcionalidad<\/strong><\/td>\n<td data-col-size=\"md\" data-start=\"2053\" data-end=\"2094\">Cookiebot (centrado en el usuario), CDN PushOwl<\/td>\n<\/tr>\n<tr data-start=\"2095\" data-end=\"2196\">\n<td data-start=\"2095\" data-end=\"2124\" data-col-size=\"sm\"><strong data-start=\"2097\" data-end=\"2123\">An\u00e1lisis \/ Estad\u00edsticas<\/strong><\/td>\n<td data-col-size=\"md\" data-start=\"2124\" data-end=\"2196\">Google (Analytics, Administrador de etiquetas), Contentsquare, Smartlook, Microsoft<\/td>\n<\/tr>\n<tr data-start=\"2197\" data-end=\"2294\">\n<td data-start=\"2197\" data-end=\"2227\" data-col-size=\"sm\"><strong data-start=\"2199\" data-end=\"2226\">Marketing \/ Publicidad<\/strong><\/td>\n<td data-col-size=\"md\" data-start=\"2227\" data-end=\"2294\">Anuncios de Google, Meta, LinkedIn, TikTok, Quora, YouTube, CDN de PushOwl<\/td>\n<\/tr>\n<tr data-start=\"2295\" data-end=\"2348\">\n<td data-start=\"2295\" data-end=\"2327\" data-col-size=\"sm\"><strong data-start=\"2297\" data-end=\"2326\">Contenido social\/incrustado<\/strong><\/td>\n<td data-col-size=\"md\" data-start=\"2327\" data-end=\"2348\">YouTube, LinkedIn<\/td>\n<\/tr>\n<\/tbody>\n<\/table>\n<\/div>\n<\/div>\n<h2 data-start=\"2355\" data-end=\"2383\">5. Consentimiento y gesti\u00f3n<\/h2>\n<p data-start=\"2384\" data-end=\"2626\">Al visitar nuestro sitio, puede aceptar todas las cookies, rechazar las no esenciales o seleccionar categor\u00edas individualmente. Puede cambiar o retirar su consentimiento en cualquier momento utilizando <strong data-start=\"2552\" data-end=\"2573\">\u201cConfiguraci\u00f3n de cookies\u201d<\/strong> en el pie de p\u00e1gina o ajustando la configuraci\u00f3n de su navegador.<\/p>\n<h2 data-start=\"2633\" data-end=\"2666\">6. An\u00e1lisis y manejo de datos<\/h2>\n<p data-start=\"2667\" data-end=\"2869\">Utilizamos Google Analytics 4 y otros proveedores de an\u00e1lisis con medidas de privacidad como la anonimizaci\u00f3n de IP y la ausencia de seguimiento entre sitios. Estos proveedores procesan los datos estrictamente seg\u00fan las instrucciones de JobWinner.<\/p>\n<p data-start=\"2871\" data-end=\"3000\">Algunos proveedores podr\u00edan procesar datos fuera del EEE. En tales casos, nos basamos en cl\u00e1usulas contractuales tipo o garant\u00edas equivalentes.<\/p>\n<h2 data-start=\"3007\" data-end=\"3026\">7. Sus derechos<\/h2>\n<p data-start=\"3027\" data-end=\"3182\">Para obtener informaci\u00f3n sobre sus derechos bajo el RGPD (acceso, eliminaci\u00f3n, objeci\u00f3n, etc.), consulte nuestra Pol\u00edtica de privacidad o cont\u00e1ctenos en <a href=\"mailto:support@jobwinner.ai\" rel=\"noopener\" data-start=\"3161\" data-end=\"3181\">support@jobwinner.ai<\/a>.<\/p>\n<h2 data-start=\"3189\" data-end=\"3219\">8. Actualizaciones de esta Pol\u00edtica<\/h2>\n<p data-start=\"3220\" data-end=\"3319\">Podemos actualizar esta pol\u00edtica seg\u00fan sea necesario. Los cambios se mostrar\u00e1n en esta p\u00e1gina y en el banner de cookies.<\/p>\n<h2 data-start=\"3326\" data-end=\"3341\">9. Contacto<\/h2>\n<p data-start=\"3342\" data-end=\"3468\"><strong data-start=\"3342\" data-end=\"3352\">Correo electr\u00f3nico:<\/strong> <a href=\"mailto:support@jobwinner.ai\" rel=\"noopener\" data-start=\"3353\" data-end=\"3373\">support@jobwinner.ai<\/a><br data-start=\"3373\" data-end=\"3376\"><strong data-start=\"3376\" data-end=\"3388\">DIRECCI\u00d3N:<\/strong> Unidad 4, Primer Piso, 84 Strand Street, Skerries, Condado de Dubl\u00edn, K34 VW93, Irlanda<\/p>\t\t\t\t\t\t\t\t<\/div>\n\t\t\t\t\t<\/div>\n\t\t\t\t<\/div>\n\t\t\t\t<\/div>","protected":false},"excerpt":{"rendered":"<p>Cookie Policy Last Updated: October 30, 2024 1. Introduction This Cookie Policy explains how JobWinner (www.jobwinner.ai) uses cookies and similar technologies. We aim to offer transparency while complying with GDPR and other data-protection laws. For users accessing JobWinner through an Organization, we do not use analytics, marketing or preference cookies. Only strictly necessary cookies required [&hellip;]<\/p>\n","protected":false},"author":1,"featured_media":0,"parent":0,"menu_order":0,"comment_status":"closed","ping_status":"closed","template":"","meta":{"footnotes":""},"wf_page_folders":[26],"class_list":["post-1208","page","type-page","status-publish","hentry"],"jetpack_sharing_enabled":true,"_links":{"self":[{"href":"https:\/\/jobwinner.ai\/es\/wp-json\/wp\/v2\/pages\/1208","targetHints":{"allow":["GET"]}}],"collection":[{"href":"https:\/\/jobwinner.ai\/es\/wp-json\/wp\/v2\/pages"}],"about":[{"href":"https:\/\/jobwinner.ai\/es\/wp-json\/wp\/v2\/types\/page"}],"author":[{"embeddable":true,"href":"https:\/\/jobwinner.ai\/es\/wp-json\/wp\/v2\/users\/1"}],"replies":[{"embeddable":true,"href":"https:\/\/jobwinner.ai\/es\/wp-json\/wp\/v2\/comments?post=1208"}],"version-history":[{"count":0,"href":"https:\/\/jobwinner.ai\/es\/wp-json\/wp\/v2\/pages\/1208\/revisions"}],"wp:attachment":[{"href":"https:\/\/jobwinner.ai\/es\/wp-json\/wp\/v2\/media?parent=1208"}],"wp:term":[{"taxonomy":"wf_page_folders","embeddable":true,"href":"https:\/\/jobwinner.ai\/es\/wp-json\/wp\/v2\/wf_page_folders?post=1208"}],"curies":[{"name":"wp","href":"https:\/\/api.w.org\/{rel}","templated":true}]}}